{"id":13735,"date":"2015-02-11T14:49:58","date_gmt":"2015-02-11T14:49:58","guid":{"rendered":"http:\/\/www.federated.ca\/legales\/third-party-recruiting-policy\/"},"modified":"2020-07-06T11:08:19","modified_gmt":"2020-07-06T15:08:19","slug":"politique-de-recrutement-par-des-tiers","status":"publish","type":"page","link":"https:\/\/www.federated.ca\/fr\/legales\/politique-de-recrutement-par-des-tiers\/","title":{"rendered":"Politique de recrutement par des tiers"},"content":{"rendered":"<div class=\"fusion-fullwidth fullwidth-box fusion-builder-row-1 fusion-flex-container nonhundred-percent-fullwidth non-hundred-percent-height-scrolling\" style=\"--awb-background-position:left top;--awb-border-radius-top-left:0px;--awb-border-radius-top-right:0px;--awb-border-radius-bottom-right:0px;--awb-border-radius-bottom-left:0px;--awb-padding-top:20px;--awb-padding-right:0px;--awb-padding-bottom:20px;--awb-padding-left:0px;--awb-border-sizes-top:0px;--awb-border-sizes-bottom:0px;--awb-flex-wrap:wrap;\" ><div class=\"fusion-builder-row fusion-row fusion-flex-align-items-flex-start fusion-flex-content-wrap\" style=\"max-width:calc( 1350px + 0px );margin-left: calc(-0px \/ 2 );margin-right: calc(-0px \/ 2 );\"><div class=\"fusion-layout-column fusion_builder_column fusion-builder-column-0 fusion_builder_column_1_1 1_1 fusion-flex-column fusion-flex-align-self-flex-start fusion-column-no-min-height\" style=\"--awb-bg-size:cover;--awb-width-large:100%;--awb-margin-top-large:0px;--awb-spacing-right-large:0px;--awb-margin-bottom-large:0px;--awb-spacing-left-large:0px;--awb-width-medium:100%;--awb-spacing-right-medium:0px;--awb-spacing-left-medium:0px;--awb-width-small:100%;--awb-spacing-right-small:0px;--awb-spacing-left-small:0px;\"><div class=\"fusion-column-wrapper fusion-flex-justify-content-flex-start fusion-content-layout-column\"><div class=\"fusion-title title fusion-title-1 sep-underline sep-solid fusion-title-text fusion-title-size-two\" style=\"--awb-margin-top-small:10px;--awb-margin-right-small:0px;--awb-margin-bottom-small:10px;--awb-margin-left-small:0px;\"><h2 class=\"fusion-title-heading title-heading-left fusion-responsive-typography-calculated\" style=\"margin:0;--fontSize:30;line-height:1.4;\"><span style=\"color: #0081c9;\">Politique de recrutement par des tiers<\/span><\/h2><\/div><div class=\"fusion-text fusion-text-1\"><p>Bonjour,<\/p>\n<p>Merci d\u2019avoir visit\u00e9 notre site Web pour en apprendre davantage sur Les assurances Federated ainsi que sur les relations d\u2019affaires et les d\u00e9bouch\u00e9s potentiels qui pourraient s\u2019offrir \u00e0 vous.<\/p>\n<p>\u00c0 l\u2019occasion, nous sollicitons les services d\u2019agences de recrutement, car nous sommes conscients de l\u2019importance d\u2019aider nos recruteurs dans le processus de dotation en personnel. Les agences que nous avons retenues travaillent en \u00e9troite collaboration avec notre personnel de recrutement interne. Trouver les agences dont les valeurs concordent avec les n\u00f4tres demande beaucoup de temps et d\u2019efforts, c\u2019est pourquoi nous travaillons uniquement avec un petit groupe de recruteurs externes.<\/p>\n<p>Puisque nous recevons un nombre important d\u2019offres de services de la part de recruteurs externes, nous faisons un examen annuel des agences qui composent notre liste de fournisseurs privil\u00e9gi\u00e9s. Les contrats de recrutement sont \u00e9galement revus annuellement, puis renouvel\u00e9s selon le cas.<\/p>\n<p>Si vous souhaitez soumettre votre candidature \u00e0 titre de recruteur potentiel, veuillez envoyer votre offre de services \u00e0 <a href=\"mailto:ressources.humaines@nbfc.com\">ressources.humaines@nbfc.com<\/a>. Prenez note que la soumission de votre candidature par courriel ne signifie pas forc\u00e9ment que vous serez retenu \u00e0 titre de fournisseur privil\u00e9gi\u00e9.<\/p>\n<p>Les fournisseurs doivent avoir une entente de services avec Les assurances Federated sign\u00e9e par un membre des Ressources humaines des Assurances Federated afin de recevoir une commission de placement. L\u2019entente doit avoir \u00e9t\u00e9 sign\u00e9e un an, tout au plus, avant la date de soumission du curriculum vit\u00e6 d\u2019un candidat que vous recommandez.<\/p>\n<p>Les assurances Federated ne versera aucune r\u00e9mun\u00e9ration \u00e0 un recruteur externe qui ne poss\u00e8de pas d\u2019entente de services sign\u00e9e par un membre des Ressources humaines des Assurances Federated. Un curriculum vit\u00e6 soumis \u00e0 un employ\u00e9 des Assurances Federated sans qu\u2019il y ait d\u2019entente de services en vigueur sera consid\u00e9r\u00e9 comme appartenant aux Assurances Federated, qui ne sera nullement tenue de verser de commission de placement. Seule l\u2019entente de services sign\u00e9e par un membre des Ressources humaines des Assurances Federated garantit le versement d\u2019une commission de placement. Les ententes verbales conclues avec d\u2019autres membres du personnel des Assurances Federated n\u2019ont aucune force ex\u00e9cutoire. Les assurances Federated ne versera aucune r\u00e9mun\u00e9ration \u00e0 un recruteur externe n\u2019ayant pas coordonn\u00e9 ses activit\u00e9s de recrutement avec le responsable des Ressources humaines attitr\u00e9 \u00e0 cette t\u00e2che.<\/p>\n<p>Il incombe aux recruteurs externes de prendre connaissance de la pr\u00e9sente politique.<\/p>\n<\/div><\/div><\/div><\/div><\/div>\n","protected":false},"excerpt":{"rendered":"","protected":false},"author":29,"featured_media":0,"parent":13722,"menu_order":5,"comment_status":"open","ping_status":"open","template":"side-navigation.php","meta":{"_acf_changed":false,"footnotes":""},"class_list":["post-13735","page","type-page","status-publish","hentry"],"acf":[],"yoast_head":"<!-- This site is optimized with the Yoast SEO Premium plugin v27.4 (Yoast SEO v27.4) - https:\/\/yoast.com\/product\/yoast-seo-premium-wordpress\/ -->\n<title>Politique de recrutement par des tiers - La Federated, Compagnie d\u2019assurance du Canada<\/title>\n<meta name=\"description\" content=\"Il incombe aux recruteurs externes de prendre connaissance de la Politique de recrutement par des tiers et de s\u2019y conformer. Lisez pour en savoir plus sur cette politique.\" \/>\n<meta name=\"robots\" content=\"index, follow, max-snippet:-1, max-image-preview:large, max-video-preview:-1\" \/>\n<link rel=\"canonical\" href=\"https:\/\/www.federated.ca\/fr\/legales\/politique-de-recrutement-par-des-tiers\/\" \/>\n<meta property=\"og:locale\" content=\"fr_FR\" \/>\n<meta property=\"og:type\" content=\"article\" \/>\n<meta property=\"og:title\" content=\"Politique de recrutement par des tiers\" \/>\n<meta property=\"og:url\" content=\"https:\/\/www.federated.ca\/fr\/legales\/politique-de-recrutement-par-des-tiers\/\" \/>\n<meta property=\"og:site_name\" content=\"La Federated, Compagnie d\u2019assurance du Canada\" \/>\n<meta property=\"article:publisher\" content=\"https:\/\/www.facebook.com\/FedInsCanada\/\" \/>\n<meta property=\"article:modified_time\" content=\"2020-07-06T15:08:19+00:00\" \/>\n<meta name=\"twitter:label1\" content=\"Dur\u00e9e de lecture estim\u00e9e\" \/>\n\t<meta name=\"twitter:data1\" content=\"3 minutes\" \/>\n<script type=\"application\/ld+json\" class=\"yoast-schema-graph\">{\"@context\":\"https:\\\/\\\/schema.org\",\"@graph\":[{\"@type\":\"WebPage\",\"@id\":\"https:\\\/\\\/www.federated.ca\\\/fr\\\/legales\\\/politique-de-recrutement-par-des-tiers\\\/\",\"url\":\"https:\\\/\\\/www.federated.ca\\\/fr\\\/legales\\\/politique-de-recrutement-par-des-tiers\\\/\",\"name\":\"Politique de recrutement par des tiers - La Federated, Compagnie d\u2019assurance du Canada\",\"isPartOf\":{\"@id\":\"https:\\\/\\\/www.federated.ca\\\/fr\\\/#website\"},\"datePublished\":\"2015-02-11T14:49:58+00:00\",\"dateModified\":\"2020-07-06T15:08:19+00:00\",\"description\":\"Il incombe aux recruteurs externes de prendre connaissance de la Politique de recrutement par des tiers et de s\u2019y conformer. Lisez pour en savoir plus sur cette politique.\",\"breadcrumb\":{\"@id\":\"https:\\\/\\\/www.federated.ca\\\/fr\\\/legales\\\/politique-de-recrutement-par-des-tiers\\\/#breadcrumb\"},\"inLanguage\":\"fr-FR\",\"potentialAction\":[{\"@type\":\"ReadAction\",\"target\":[\"https:\\\/\\\/www.federated.ca\\\/fr\\\/legales\\\/politique-de-recrutement-par-des-tiers\\\/\"]}]},{\"@type\":\"BreadcrumbList\",\"@id\":\"https:\\\/\\\/www.federated.ca\\\/fr\\\/legales\\\/politique-de-recrutement-par-des-tiers\\\/#breadcrumb\",\"itemListElement\":[{\"@type\":\"ListItem\",\"position\":1,\"name\":\"Home\",\"item\":\"https:\\\/\\\/www.federated.ca\\\/fr\\\/\"},{\"@type\":\"ListItem\",\"position\":2,\"name\":\"Notes l\u00e9gales\",\"item\":\"https:\\\/\\\/www.federated.ca\\\/fr\\\/legales\\\/\"},{\"@type\":\"ListItem\",\"position\":3,\"name\":\"Politique de recrutement par des tiers\"}]},{\"@type\":\"WebSite\",\"@id\":\"https:\\\/\\\/www.federated.ca\\\/fr\\\/#website\",\"url\":\"https:\\\/\\\/www.federated.ca\\\/fr\\\/\",\"name\":\"Federated Insurance Company of Canada\",\"description\":\"La s\u00e9curit\u00e9 de votre entreprise en t\u00eate\",\"publisher\":{\"@id\":\"https:\\\/\\\/www.federated.ca\\\/fr\\\/#organization\"},\"potentialAction\":[{\"@type\":\"SearchAction\",\"target\":{\"@type\":\"EntryPoint\",\"urlTemplate\":\"https:\\\/\\\/www.federated.ca\\\/fr\\\/?s={search_term_string}\"},\"query-input\":{\"@type\":\"PropertyValueSpecification\",\"valueRequired\":true,\"valueName\":\"search_term_string\"}}],\"inLanguage\":\"fr-FR\"},{\"@type\":\"Organization\",\"@id\":\"https:\\\/\\\/www.federated.ca\\\/fr\\\/#organization\",\"name\":\"Les assurances Federated\",\"url\":\"https:\\\/\\\/www.federated.ca\\\/fr\\\/\",\"logo\":{\"@type\":\"ImageObject\",\"inLanguage\":\"fr-FR\",\"@id\":\"https:\\\/\\\/www.federated.ca\\\/fr\\\/#\\\/schema\\\/logo\\\/image\\\/\",\"url\":\"https:\\\/\\\/www.federated.ca\\\/wp-content\\\/uploads\\\/2015\\\/03\\\/FED_ENG_NOtag_shiftnav_210x52.png\",\"contentUrl\":\"https:\\\/\\\/www.federated.ca\\\/wp-content\\\/uploads\\\/2015\\\/03\\\/FED_ENG_NOtag_shiftnav_210x52.png\",\"width\":210,\"height\":52,\"caption\":\"Les assurances Federated\"},\"image\":{\"@id\":\"https:\\\/\\\/www.federated.ca\\\/fr\\\/#\\\/schema\\\/logo\\\/image\\\/\"},\"sameAs\":[\"https:\\\/\\\/www.facebook.com\\\/FedInsCanada\\\/\",\"https:\\\/\\\/www.instagram.com\\\/federatedinsuranceca\\\/\",\"https:\\\/\\\/www.linkedin.com\\\/authwall?trk=ripf&amp;amp;amp;trkInfo=AQExgtg9_9rmAQAAAVx-tQL4XBOielaWooxEaw4kQGfXIqAVlPw7IbVWBdg-4ezDWDNXO2cp0GXtaWrXpPlk3S8ZhjlEcvoxf5Jti8CypWckNTc3e85aDADZtFHeDNEVc5LgQ80=&amp;amp;amp;originalReferer=http:\\\/\\\/avada.federated.ca\\\/business-insurance\\\/automotive-dealers-insurance\\\/&amp;amp;amp;sessionRedirect=https:\\\/\\\/www.linkedin.com\\\/company\\\/federated-insurance\",\"https:\\\/\\\/www.youtube.com\\\/channel\\\/UC2TYZAr9C3puo4Tvg9Q151Q\"],\"description\":\"With Federated Insurance, you work directly with an industry expert who is committed to understanding the unique risks and opportunities associated with your business. With a dedicated agent and risk management team on your side, you will always get the right coverage for your company and can focus on what matters most. Trust. Advise. Protect.\",\"email\":\"info@federated.ca\",\"telephone\":\"1.844.628.6800\",\"legalName\":\"Federated Insurance\"}]}<\/script>\n<!-- \/ Yoast SEO Premium plugin. -->","yoast_head_json":{"title":"Politique de recrutement par des tiers - La Federated, Compagnie d\u2019assurance du Canada","description":"Il incombe aux recruteurs externes de prendre connaissance de la Politique de recrutement par des tiers et de s\u2019y conformer. Lisez pour en savoir plus sur cette politique.","robots":{"index":"index","follow":"follow","max-snippet":"max-snippet:-1","max-image-preview":"max-image-preview:large","max-video-preview":"max-video-preview:-1"},"canonical":"https:\/\/www.federated.ca\/fr\/legales\/politique-de-recrutement-par-des-tiers\/","og_locale":"fr_FR","og_type":"article","og_title":"Politique de recrutement par des tiers","og_url":"https:\/\/www.federated.ca\/fr\/legales\/politique-de-recrutement-par-des-tiers\/","og_site_name":"La Federated, Compagnie d\u2019assurance du Canada","article_publisher":"https:\/\/www.facebook.com\/FedInsCanada\/","article_modified_time":"2020-07-06T15:08:19+00:00","twitter_misc":{"Dur\u00e9e de lecture estim\u00e9e":"3 minutes"},"schema":{"@context":"https:\/\/schema.org","@graph":[{"@type":"WebPage","@id":"https:\/\/www.federated.ca\/fr\/legales\/politique-de-recrutement-par-des-tiers\/","url":"https:\/\/www.federated.ca\/fr\/legales\/politique-de-recrutement-par-des-tiers\/","name":"Politique de recrutement par des tiers - La Federated, Compagnie d\u2019assurance du Canada","isPartOf":{"@id":"https:\/\/www.federated.ca\/fr\/#website"},"datePublished":"2015-02-11T14:49:58+00:00","dateModified":"2020-07-06T15:08:19+00:00","description":"Il incombe aux recruteurs externes de prendre connaissance de la Politique de recrutement par des tiers et de s\u2019y conformer. Lisez pour en savoir plus sur cette politique.","breadcrumb":{"@id":"https:\/\/www.federated.ca\/fr\/legales\/politique-de-recrutement-par-des-tiers\/#breadcrumb"},"inLanguage":"fr-FR","potentialAction":[{"@type":"ReadAction","target":["https:\/\/www.federated.ca\/fr\/legales\/politique-de-recrutement-par-des-tiers\/"]}]},{"@type":"BreadcrumbList","@id":"https:\/\/www.federated.ca\/fr\/legales\/politique-de-recrutement-par-des-tiers\/#breadcrumb","itemListElement":[{"@type":"ListItem","position":1,"name":"Home","item":"https:\/\/www.federated.ca\/fr\/"},{"@type":"ListItem","position":2,"name":"Notes l\u00e9gales","item":"https:\/\/www.federated.ca\/fr\/legales\/"},{"@type":"ListItem","position":3,"name":"Politique de recrutement par des tiers"}]},{"@type":"WebSite","@id":"https:\/\/www.federated.ca\/fr\/#website","url":"https:\/\/www.federated.ca\/fr\/","name":"Federated Insurance Company of Canada","description":"La s\u00e9curit\u00e9 de votre entreprise en t\u00eate","publisher":{"@id":"https:\/\/www.federated.ca\/fr\/#organization"},"potentialAction":[{"@type":"SearchAction","target":{"@type":"EntryPoint","urlTemplate":"https:\/\/www.federated.ca\/fr\/?s={search_term_string}"},"query-input":{"@type":"PropertyValueSpecification","valueRequired":true,"valueName":"search_term_string"}}],"inLanguage":"fr-FR"},{"@type":"Organization","@id":"https:\/\/www.federated.ca\/fr\/#organization","name":"Les assurances Federated","url":"https:\/\/www.federated.ca\/fr\/","logo":{"@type":"ImageObject","inLanguage":"fr-FR","@id":"https:\/\/www.federated.ca\/fr\/#\/schema\/logo\/image\/","url":"https:\/\/www.federated.ca\/wp-content\/uploads\/2015\/03\/FED_ENG_NOtag_shiftnav_210x52.png","contentUrl":"https:\/\/www.federated.ca\/wp-content\/uploads\/2015\/03\/FED_ENG_NOtag_shiftnav_210x52.png","width":210,"height":52,"caption":"Les assurances Federated"},"image":{"@id":"https:\/\/www.federated.ca\/fr\/#\/schema\/logo\/image\/"},"sameAs":["https:\/\/www.facebook.com\/FedInsCanada\/","https:\/\/www.instagram.com\/federatedinsuranceca\/","https:\/\/www.linkedin.com\/authwall?trk=ripf&amp;amp;amp;trkInfo=AQExgtg9_9rmAQAAAVx-tQL4XBOielaWooxEaw4kQGfXIqAVlPw7IbVWBdg-4ezDWDNXO2cp0GXtaWrXpPlk3S8ZhjlEcvoxf5Jti8CypWckNTc3e85aDADZtFHeDNEVc5LgQ80=&amp;amp;amp;originalReferer=http:\/\/avada.federated.ca\/business-insurance\/automotive-dealers-insurance\/&amp;amp;amp;sessionRedirect=https:\/\/www.linkedin.com\/company\/federated-insurance","https:\/\/www.youtube.com\/channel\/UC2TYZAr9C3puo4Tvg9Q151Q"],"description":"With Federated Insurance, you work directly with an industry expert who is committed to understanding the unique risks and opportunities associated with your business. With a dedicated agent and risk management team on your side, you will always get the right coverage for your company and can focus on what matters most. Trust. Advise. Protect.","email":"info@federated.ca","telephone":"1.844.628.6800","legalName":"Federated Insurance"}]}},"_links":{"self":[{"href":"https:\/\/www.federated.ca\/fr\/wp-json\/wp\/v2\/pages\/13735","targetHints":{"allow":["GET"]}}],"collection":[{"href":"https:\/\/www.federated.ca\/fr\/wp-json\/wp\/v2\/pages"}],"about":[{"href":"https:\/\/www.federated.ca\/fr\/wp-json\/wp\/v2\/types\/page"}],"author":[{"embeddable":true,"href":"https:\/\/www.federated.ca\/fr\/wp-json\/wp\/v2\/users\/29"}],"replies":[{"embeddable":true,"href":"https:\/\/www.federated.ca\/fr\/wp-json\/wp\/v2\/comments?post=13735"}],"version-history":[{"count":0,"href":"https:\/\/www.federated.ca\/fr\/wp-json\/wp\/v2\/pages\/13735\/revisions"}],"up":[{"embeddable":true,"href":"https:\/\/www.federated.ca\/fr\/wp-json\/wp\/v2\/pages\/13722"}],"wp:attachment":[{"href":"https:\/\/www.federated.ca\/fr\/wp-json\/wp\/v2\/media?parent=13735"}],"curies":[{"name":"wp","href":"https:\/\/api.w.org\/{rel}","templated":true}]}}