{"id":13794,"date":"2015-02-11T14:48:14","date_gmt":"2015-02-11T14:48:14","guid":{"rendered":"http:\/\/www.federated.ca\/accessibility-2\/"},"modified":"2025-06-23T13:25:14","modified_gmt":"2025-06-23T17:25:14","slug":"accessibilite","status":"publish","type":"page","link":"https:\/\/www.federated.ca\/fr\/legales\/accessibilite\/","title":{"rendered":"Normes d\u2019accessibilit\u00e9"},"content":{"rendered":"<p><div class=\"fusion-fullwidth fullwidth-box fusion-builder-row-1 fusion-flex-container nonhundred-percent-fullwidth non-hundred-percent-height-scrolling\" style=\"--awb-border-radius-top-left:0px;--awb-border-radius-top-right:0px;--awb-border-radius-bottom-right:0px;--awb-border-radius-bottom-left:0px;--awb-flex-wrap:wrap;\" ><div class=\"fusion-builder-row fusion-row fusion-flex-align-items-flex-start fusion-flex-content-wrap\" style=\"max-width:1144px;margin-left: calc(-4% \/ 2 );margin-right: calc(-4% \/ 2 );\"><div class=\"fusion-layout-column fusion_builder_column fusion-builder-column-0 fusion_builder_column_1_1 1_1 fusion-flex-column\" style=\"--awb-bg-size:cover;--awb-width-large:100%;--awb-margin-top-large:0px;--awb-spacing-right-large:1.92%;--awb-margin-bottom-large:0px;--awb-spacing-left-large:1.92%;--awb-width-medium:100%;--awb-spacing-right-medium:1.92%;--awb-spacing-left-medium:1.92%;--awb-width-small:100%;--awb-spacing-right-small:1.92%;--awb-spacing-left-small:1.92%;\"><div class=\"fusion-column-wrapper fusion-flex-justify-content-flex-start fusion-content-layout-column\"><div class=\"fusion-text fusion-text-1\"><style type=\"text\/css\">.fusion-li-item-content <\/style>\n<\/div><\/div><\/div><\/div><\/div><div class=\"fusion-fullwidth fullwidth-box fusion-builder-row-2 fusion-flex-container nonhundred-percent-fullwidth non-hundred-percent-height-scrolling\" style=\"--awb-background-position:left top;--awb-border-radius-top-left:0px;--awb-border-radius-top-right:0px;--awb-border-radius-bottom-right:0px;--awb-border-radius-bottom-left:0px;--awb-padding-top:20px;--awb-padding-right:0px;--awb-padding-bottom:20px;--awb-padding-left:0px;--awb-border-sizes-top:0px;--awb-border-sizes-bottom:0px;--awb-flex-wrap:wrap;\" ><div class=\"fusion-builder-row fusion-row fusion-flex-align-items-flex-start fusion-flex-content-wrap\" style=\"max-width:1144px;margin-left: calc(-4% \/ 2 );margin-right: calc(-4% \/ 2 );\"><div class=\"fusion-layout-column fusion_builder_column fusion-builder-column-1 fusion_builder_column_1_1 1_1 fusion-flex-column fusion-flex-align-self-flex-start fusion-column-no-min-height\" style=\"--awb-bg-size:cover;--awb-width-large:100%;--awb-margin-top-large:0px;--awb-spacing-right-large:1.92%;--awb-margin-bottom-large:0px;--awb-spacing-left-large:1.92%;--awb-width-medium:100%;--awb-spacing-right-medium:1.92%;--awb-spacing-left-medium:1.92%;--awb-width-small:100%;--awb-spacing-right-small:1.92%;--awb-spacing-left-small:1.92%;\"><div class=\"fusion-column-wrapper fusion-flex-justify-content-flex-start fusion-content-layout-column\"><div class=\"fusion-title title fusion-title-1 sep-underline sep-solid fusion-title-text fusion-title-size-two\" style=\"--awb-margin-top-small:10px;--awb-margin-right-small:0px;--awb-margin-bottom-small:10px;--awb-margin-left-small:0px;\"><h2 class=\"fusion-title-heading title-heading-left fusion-responsive-typography-calculated\" style=\"margin:0;--fontSize:30;line-height:1.4;\"><h1>Nos normes d\u2019accessibilit\u00e9<\/h1><\/h2><\/div><div class=\"fusion-text fusion-text-2\" style=\"--awb-text-transform:none;\"><p>Aux Assurances Federated, nous voulons offrir un environnement ouvert et accessible \u00e0 tous les employ\u00e9s et les visiteurs. Notre politique est de suivre les principes en mati\u00e8re de dignit\u00e9, d\u2019ind\u00e9pendance, d\u2019int\u00e9gration et d\u2019\u00e9galit\u00e9 qui sont \u00e9nonc\u00e9s dans la <em>Loi de 2005 sur l\u2019accessibilit\u00e9 pour les personnes handicap\u00e9es de l\u2019Ontario.<\/em><\/p>\n<h3>Les normes d\u2019accessibilit\u00e9 que nous avons mises en place s\u2019adressent aux personnes suivantes :<\/h3>\n<ul style=\"--awb-size:13px;--awb-iconcolor:#0081c9;--awb-line-height:22.1px;--awb-icon-width:22.1px;--awb-icon-height:22.1px;--awb-icon-margin:9.1px;--awb-content-margin:31.2px;\" class=\"fusion-checklist fusion-checklist-1 fusion-checklist-default type-icons\">\n<li class=\"fusion-li-item\" style=\"\"><span class=\"icon-wrapper circle-no\"><i class=\"fusion-li-icon fa fa-chevron-right\" aria-hidden=\"true\"><\/i><\/span><div class=\"fusion-li-item-content\">Les employ\u00e9s<\/div><\/li>\n<li class=\"fusion-li-item\" style=\"\"><span class=\"icon-wrapper circle-no\"><i class=\"fusion-li-icon fa fa-chevron-right\" aria-hidden=\"true\"><\/i><\/span><div class=\"fusion-li-item-content\">Les b\u00e9n\u00e9voles<\/div><\/li>\n<li class=\"fusion-li-item\" style=\"\"><span class=\"icon-wrapper circle-no\"><i class=\"fusion-li-icon fa fa-chevron-right\" aria-hidden=\"true\"><\/i><\/span><div class=\"fusion-li-item-content\">Les mandataires et entrepreneurs qui entretiennent des relations avec le public, ou autres tiers qui repr\u00e9sentent Les assurances Federated<\/div><\/li>\n<li class=\"fusion-li-item\" style=\"\"><span class=\"icon-wrapper circle-no\"><i class=\"fusion-li-icon fa fa-chevron-right\" aria-hidden=\"true\"><\/i><\/span><div class=\"fusion-li-item-content\">Toute personne qui participe \u00e0 l\u2019\u00e9laboration des politiques, des pratiques et des proc\u00e9dures des Assurances Federated<\/div><\/li>\n<\/ul>\n<h3>Afin de respecter les principes qui sous-tendent nos normes d\u2019accessibilit\u00e9, nous veillerons aux points suivants :<\/h3>\n<ul style=\"--awb-size:13px;--awb-iconcolor:#0081c9;--awb-line-height:22.1px;--awb-icon-width:22.1px;--awb-icon-height:22.1px;--awb-icon-margin:9.1px;--awb-content-margin:31.2px;\" class=\"fusion-checklist fusion-checklist-2 fusion-checklist-default type-icons\">\n<li class=\"fusion-li-item\" style=\"\"><span class=\"icon-wrapper circle-no\"><i class=\"fusion-li-icon fa fa-chevron-right\" aria-hidden=\"true\"><\/i><\/span><div class=\"fusion-li-item-content\">Faire en sorte que toutes les personnes re\u00e7oivent un service de valeur et de qualit\u00e9 \u00e9gales.<\/div><\/li>\n<li class=\"fusion-li-item\" style=\"\"><span class=\"icon-wrapper circle-no\"><i class=\"fusion-li-icon fa fa-chevron-right\" aria-hidden=\"true\"><\/i><\/span><div class=\"fusion-li-item-content\">Permettre aux personnes handicap\u00e9es de vaquer \u00e0 leurs occupations, \u00e0 leur propre rythme, pourvu que cela ne pr\u00e9sente pas un risque pour la s\u00e9curit\u00e9.<\/div><\/li>\n<li class=\"fusion-li-item\" style=\"\"><span class=\"icon-wrapper circle-no\"><i class=\"fusion-li-icon fa fa-chevron-right\" aria-hidden=\"true\"><\/i><\/span><div class=\"fusion-li-item-content\">Trouver d\u2019autres solutions pour que les personnes handicap\u00e9es puissent acc\u00e9der aux m\u00eames services que toute autre personne, et ce, aux m\u00eames endroits et de fa\u00e7on similaire. Nous fournirons un avis appropri\u00e9 en cas d\u2019interruption pouvant bloquer temporairement l\u2019acc\u00e8s \u00e0 un service.<\/div><\/li>\n<li class=\"fusion-li-item\" style=\"\"><span class=\"icon-wrapper circle-no\"><i class=\"fusion-li-icon fa fa-chevron-right\" aria-hidden=\"true\"><\/i><\/span><div class=\"fusion-li-item-content\">Tenir compte des besoins individuels.<\/div><\/li>\n<li class=\"fusion-li-item\" style=\"\"><span class=\"icon-wrapper circle-no\"><i class=\"fusion-li-icon fa fa-chevron-right\" aria-hidden=\"true\"><\/i><\/span><div class=\"fusion-li-item-content\">Communiquer en gardant \u00e0 l\u2019esprit l\u2019invalidit\u00e9 de la personne.<\/div><\/li>\n<li class=\"fusion-li-item\" style=\"\"><span class=\"icon-wrapper circle-no\"><i class=\"fusion-li-icon fa fa-chevron-right\" aria-hidden=\"true\"><\/i><\/span><div class=\"fusion-li-item-content\">Prendre des mesures d\u2019adaptation du milieu de travail pour les employ\u00e9s ayant un handicap.<\/div><\/li>\n<li class=\"fusion-li-item\" style=\"\"><span class=\"icon-wrapper circle-no\"><i class=\"fusion-li-icon fa fa-chevron-right\" aria-hidden=\"true\"><\/i><\/span><div class=\"fusion-li-item-content\">Prendre en compte l\u2019accessibilit\u00e9 durant toutes les \u00e9tapes de la relation employeur-employ\u00e9, y compris la gestion du rendement et le perfectionnement professionnel.<\/div><\/li>\n<\/ul>\n<p>Nous offrirons une formation \u00e0 tous les membres du personnel actuels ou nouveaux afin que l\u2019accessibilit\u00e9 continue de faire partie int\u00e9grante de nos op\u00e9rations quotidiennes.<\/p>\n<h3>Si une aide est requise<\/h3>\n<p>Les personnes handicap\u00e9es peuvent utiliser leurs propres appareils fonctionnels ou \u00eatre accompagn\u00e9es d\u2019un(e) aidant(e) ou d\u2019un animal d\u2019assistance dans nos bureaux. En cas de probl\u00e8me li\u00e9 \u00e0 la s\u00e9curit\u00e9 ou autre, nous travaillerons avec la personne pour trouver une solution de rechange.<\/p>\n<h3>Interruptions temporaires<\/h3>\n<p>Si une interruption temporaire emp\u00eache des personnes handicap\u00e9es d\u2019acc\u00e9der \u00e0 nos bureaux ou \u00e0 nos services, nous afficherons des mises \u00e0 jour sur place ou sur notre site Web.<\/p>\n<h3>Vos commentaires sont importants<\/h3>\n<p>Aidez-nous \u00e0 nous assurer que nous adh\u00e9rons \u00e0 nos normes d\u2019accessibilit\u00e9 en nous fournissant vos commentaires. Cela nous fera plaisir de vous fournir sur demande des formats accessibles et des outils de communication. Veuillez communiquer avec notre Service des ressources humaines en composant le 416-350-4400 ou en envoyant un courriel \u00e0 <strong><a href=\"mailto:peoplesupport@nbfc.com\">peoplesupport@nbfc.com<\/a><\/strong>.<br \/>\nVous pouvez \u00e9galement communiquer avec nous par la poste :<\/p>\n<p style=\"margin-left: 30px;\">Northbridge Place<br \/>\nHuman Resources Department<br \/>\n105 Adelaide St. W.<br \/>\nToronto (Ontario) M5H 1P9<\/p>\n<p>Vous pouvez obtenir un exemplaire de la pr\u00e9sente politique dans un format qui r\u00e9pond \u00e0 vos besoins particuliers. Il suffit de communiquer avec nous d\u2019une des fa\u00e7ons mentionn\u00e9es ci-dessus pour nous en faire la demande.<\/p>\n<p><strong><a class=\"download-pdf\" href=\"https:\/\/www.nbfc.com\/pdf\/AODA-Policy-Fr.pdf\" target=\"_blank\" rel=\"noopener noreferrer\">Cliquez ici pour t\u00e9l\u00e9charger une version PDF de notre normes d&rsquo;accessibilit\u00e9<\/a><\/strong><\/p>\n<p>Veuillez transmettre toute plainte relative \u00e0 la pr\u00e9sente politique ou \u00e0 sa mise en \u0153uvre par Northbridge au responsable des plaintes (ombudsman) de Northbridge. Les coordonn\u00e9es de cette personne ainsi que la proc\u00e9dure de traitement des plaintes <strong><a href=\"https:\/\/www.federated.ca\/fr\/legales\/satisfaction-de-la-clientele\/\" target=\"_blank\" rel=\"noopener noreferrer\">se trouvent ici<\/a><\/strong>.<\/p>\n<\/div><\/div><\/div><\/div><\/div><\/p>\n","protected":false},"excerpt":{"rendered":"","protected":false},"author":29,"featured_media":0,"parent":13722,"menu_order":0,"comment_status":"open","ping_status":"open","template":"","meta":{"_acf_changed":false,"footnotes":""},"class_list":["post-13794","page","type-page","status-publish","hentry"],"acf":[],"yoast_head":"<!-- This site is optimized with the Yoast SEO Premium plugin v27.3 (Yoast SEO v27.4) - https:\/\/yoast.com\/product\/yoast-seo-premium-wordpress\/ -->\n<title>Normes d\u2019accessibilit\u00e9 - La Federated, Compagnie d\u2019assurance du Canada<\/title>\n<meta name=\"description\" content=\"Aux Assurances Federated, nous voulons offrir un environnement ouvert et accessible \u00e0 tous les employ\u00e9s et les visiteurs.\" \/>\n<meta name=\"robots\" content=\"index, follow, max-snippet:-1, max-image-preview:large, max-video-preview:-1\" \/>\n<link rel=\"canonical\" href=\"https:\/\/www.federated.ca\/fr\/legales\/accessibilite\/\" \/>\n<meta property=\"og:locale\" content=\"fr_FR\" \/>\n<meta property=\"og:type\" content=\"article\" \/>\n<meta property=\"og:title\" content=\"Normes d\u2019accessibilit\u00e9\" \/>\n<meta property=\"og:url\" content=\"https:\/\/www.federated.ca\/fr\/legales\/accessibilite\/\" \/>\n<meta property=\"og:site_name\" content=\"La Federated, Compagnie d\u2019assurance du Canada\" \/>\n<meta property=\"article:publisher\" content=\"https:\/\/www.facebook.com\/FedInsCanada\/\" \/>\n<meta property=\"article:modified_time\" content=\"2025-06-23T17:25:14+00:00\" \/>\n<meta name=\"twitter:label1\" content=\"Dur\u00e9e de lecture estim\u00e9e\" \/>\n\t<meta name=\"twitter:data1\" content=\"3 minutes\" \/>\n<script type=\"application\/ld+json\" class=\"yoast-schema-graph\">{\"@context\":\"https:\\\/\\\/schema.org\",\"@graph\":[{\"@type\":\"WebPage\",\"@id\":\"https:\\\/\\\/www.federated.ca\\\/fr\\\/legales\\\/accessibilite\\\/\",\"url\":\"https:\\\/\\\/www.federated.ca\\\/fr\\\/legales\\\/accessibilite\\\/\",\"name\":\"Normes d\u2019accessibilit\u00e9 - La Federated, Compagnie d\u2019assurance du Canada\",\"isPartOf\":{\"@id\":\"https:\\\/\\\/www.federated.ca\\\/fr\\\/#website\"},\"datePublished\":\"2015-02-11T14:48:14+00:00\",\"dateModified\":\"2025-06-23T17:25:14+00:00\",\"description\":\"Aux Assurances Federated, nous voulons offrir un environnement ouvert et accessible \u00e0 tous les employ\u00e9s et les visiteurs.\",\"breadcrumb\":{\"@id\":\"https:\\\/\\\/www.federated.ca\\\/fr\\\/legales\\\/accessibilite\\\/#breadcrumb\"},\"inLanguage\":\"fr-FR\",\"potentialAction\":[{\"@type\":\"ReadAction\",\"target\":[\"https:\\\/\\\/www.federated.ca\\\/fr\\\/legales\\\/accessibilite\\\/\"]}]},{\"@type\":\"BreadcrumbList\",\"@id\":\"https:\\\/\\\/www.federated.ca\\\/fr\\\/legales\\\/accessibilite\\\/#breadcrumb\",\"itemListElement\":[{\"@type\":\"ListItem\",\"position\":1,\"name\":\"Home\",\"item\":\"https:\\\/\\\/www.federated.ca\\\/fr\\\/\"},{\"@type\":\"ListItem\",\"position\":2,\"name\":\"Notes l\u00e9gales\",\"item\":\"https:\\\/\\\/www.federated.ca\\\/fr\\\/legales\\\/\"},{\"@type\":\"ListItem\",\"position\":3,\"name\":\"Normes d\u2019accessibilit\u00e9\"}]},{\"@type\":\"WebSite\",\"@id\":\"https:\\\/\\\/www.federated.ca\\\/fr\\\/#website\",\"url\":\"https:\\\/\\\/www.federated.ca\\\/fr\\\/\",\"name\":\"Federated Insurance Company of Canada\",\"description\":\"La s\u00e9curit\u00e9 de votre entreprise en t\u00eate\",\"publisher\":{\"@id\":\"https:\\\/\\\/www.federated.ca\\\/fr\\\/#organization\"},\"potentialAction\":[{\"@type\":\"SearchAction\",\"target\":{\"@type\":\"EntryPoint\",\"urlTemplate\":\"https:\\\/\\\/www.federated.ca\\\/fr\\\/?s={search_term_string}\"},\"query-input\":{\"@type\":\"PropertyValueSpecification\",\"valueRequired\":true,\"valueName\":\"search_term_string\"}}],\"inLanguage\":\"fr-FR\"},{\"@type\":\"Organization\",\"@id\":\"https:\\\/\\\/www.federated.ca\\\/fr\\\/#organization\",\"name\":\"Les assurances Federated\",\"url\":\"https:\\\/\\\/www.federated.ca\\\/fr\\\/\",\"logo\":{\"@type\":\"ImageObject\",\"inLanguage\":\"fr-FR\",\"@id\":\"https:\\\/\\\/www.federated.ca\\\/fr\\\/#\\\/schema\\\/logo\\\/image\\\/\",\"url\":\"https:\\\/\\\/www.federated.ca\\\/wp-content\\\/uploads\\\/2015\\\/03\\\/FED_ENG_NOtag_shiftnav_210x52.png\",\"contentUrl\":\"https:\\\/\\\/www.federated.ca\\\/wp-content\\\/uploads\\\/2015\\\/03\\\/FED_ENG_NOtag_shiftnav_210x52.png\",\"width\":210,\"height\":52,\"caption\":\"Les assurances Federated\"},\"image\":{\"@id\":\"https:\\\/\\\/www.federated.ca\\\/fr\\\/#\\\/schema\\\/logo\\\/image\\\/\"},\"sameAs\":[\"https:\\\/\\\/www.facebook.com\\\/FedInsCanada\\\/\",\"https:\\\/\\\/www.instagram.com\\\/federatedinsuranceca\\\/\",\"https:\\\/\\\/www.linkedin.com\\\/authwall?trk=ripf&amp;amp;amp;trkInfo=AQExgtg9_9rmAQAAAVx-tQL4XBOielaWooxEaw4kQGfXIqAVlPw7IbVWBdg-4ezDWDNXO2cp0GXtaWrXpPlk3S8ZhjlEcvoxf5Jti8CypWckNTc3e85aDADZtFHeDNEVc5LgQ80=&amp;amp;amp;originalReferer=http:\\\/\\\/avada.federated.ca\\\/business-insurance\\\/automotive-dealers-insurance\\\/&amp;amp;amp;sessionRedirect=https:\\\/\\\/www.linkedin.com\\\/company\\\/federated-insurance\",\"https:\\\/\\\/www.youtube.com\\\/channel\\\/UC2TYZAr9C3puo4Tvg9Q151Q\"],\"description\":\"With Federated Insurance, you work directly with an industry expert who is committed to understanding the unique risks and opportunities associated with your business. With a dedicated agent and risk management team on your side, you will always get the right coverage for your company and can focus on what matters most. Trust. Advise. Protect.\",\"email\":\"info@federated.ca\",\"telephone\":\"1.844.628.6800\",\"legalName\":\"Federated Insurance\"}]}<\/script>\n<!-- \/ Yoast SEO Premium plugin. -->","yoast_head_json":{"title":"Normes d\u2019accessibilit\u00e9 - La Federated, Compagnie d\u2019assurance du Canada","description":"Aux Assurances Federated, nous voulons offrir un environnement ouvert et accessible \u00e0 tous les employ\u00e9s et les visiteurs.","robots":{"index":"index","follow":"follow","max-snippet":"max-snippet:-1","max-image-preview":"max-image-preview:large","max-video-preview":"max-video-preview:-1"},"canonical":"https:\/\/www.federated.ca\/fr\/legales\/accessibilite\/","og_locale":"fr_FR","og_type":"article","og_title":"Normes d\u2019accessibilit\u00e9","og_url":"https:\/\/www.federated.ca\/fr\/legales\/accessibilite\/","og_site_name":"La Federated, Compagnie d\u2019assurance du Canada","article_publisher":"https:\/\/www.facebook.com\/FedInsCanada\/","article_modified_time":"2025-06-23T17:25:14+00:00","twitter_misc":{"Dur\u00e9e de lecture estim\u00e9e":"3 minutes"},"schema":{"@context":"https:\/\/schema.org","@graph":[{"@type":"WebPage","@id":"https:\/\/www.federated.ca\/fr\/legales\/accessibilite\/","url":"https:\/\/www.federated.ca\/fr\/legales\/accessibilite\/","name":"Normes d\u2019accessibilit\u00e9 - La Federated, Compagnie d\u2019assurance du Canada","isPartOf":{"@id":"https:\/\/www.federated.ca\/fr\/#website"},"datePublished":"2015-02-11T14:48:14+00:00","dateModified":"2025-06-23T17:25:14+00:00","description":"Aux Assurances Federated, nous voulons offrir un environnement ouvert et accessible \u00e0 tous les employ\u00e9s et les visiteurs.","breadcrumb":{"@id":"https:\/\/www.federated.ca\/fr\/legales\/accessibilite\/#breadcrumb"},"inLanguage":"fr-FR","potentialAction":[{"@type":"ReadAction","target":["https:\/\/www.federated.ca\/fr\/legales\/accessibilite\/"]}]},{"@type":"BreadcrumbList","@id":"https:\/\/www.federated.ca\/fr\/legales\/accessibilite\/#breadcrumb","itemListElement":[{"@type":"ListItem","position":1,"name":"Home","item":"https:\/\/www.federated.ca\/fr\/"},{"@type":"ListItem","position":2,"name":"Notes l\u00e9gales","item":"https:\/\/www.federated.ca\/fr\/legales\/"},{"@type":"ListItem","position":3,"name":"Normes d\u2019accessibilit\u00e9"}]},{"@type":"WebSite","@id":"https:\/\/www.federated.ca\/fr\/#website","url":"https:\/\/www.federated.ca\/fr\/","name":"Federated Insurance Company of Canada","description":"La s\u00e9curit\u00e9 de votre entreprise en t\u00eate","publisher":{"@id":"https:\/\/www.federated.ca\/fr\/#organization"},"potentialAction":[{"@type":"SearchAction","target":{"@type":"EntryPoint","urlTemplate":"https:\/\/www.federated.ca\/fr\/?s={search_term_string}"},"query-input":{"@type":"PropertyValueSpecification","valueRequired":true,"valueName":"search_term_string"}}],"inLanguage":"fr-FR"},{"@type":"Organization","@id":"https:\/\/www.federated.ca\/fr\/#organization","name":"Les assurances Federated","url":"https:\/\/www.federated.ca\/fr\/","logo":{"@type":"ImageObject","inLanguage":"fr-FR","@id":"https:\/\/www.federated.ca\/fr\/#\/schema\/logo\/image\/","url":"https:\/\/www.federated.ca\/wp-content\/uploads\/2015\/03\/FED_ENG_NOtag_shiftnav_210x52.png","contentUrl":"https:\/\/www.federated.ca\/wp-content\/uploads\/2015\/03\/FED_ENG_NOtag_shiftnav_210x52.png","width":210,"height":52,"caption":"Les assurances Federated"},"image":{"@id":"https:\/\/www.federated.ca\/fr\/#\/schema\/logo\/image\/"},"sameAs":["https:\/\/www.facebook.com\/FedInsCanada\/","https:\/\/www.instagram.com\/federatedinsuranceca\/","https:\/\/www.linkedin.com\/authwall?trk=ripf&amp;amp;amp;trkInfo=AQExgtg9_9rmAQAAAVx-tQL4XBOielaWooxEaw4kQGfXIqAVlPw7IbVWBdg-4ezDWDNXO2cp0GXtaWrXpPlk3S8ZhjlEcvoxf5Jti8CypWckNTc3e85aDADZtFHeDNEVc5LgQ80=&amp;amp;amp;originalReferer=http:\/\/avada.federated.ca\/business-insurance\/automotive-dealers-insurance\/&amp;amp;amp;sessionRedirect=https:\/\/www.linkedin.com\/company\/federated-insurance","https:\/\/www.youtube.com\/channel\/UC2TYZAr9C3puo4Tvg9Q151Q"],"description":"With Federated Insurance, you work directly with an industry expert who is committed to understanding the unique risks and opportunities associated with your business. With a dedicated agent and risk management team on your side, you will always get the right coverage for your company and can focus on what matters most. Trust. Advise. Protect.","email":"info@federated.ca","telephone":"1.844.628.6800","legalName":"Federated Insurance"}]}},"_links":{"self":[{"href":"https:\/\/www.federated.ca\/fr\/wp-json\/wp\/v2\/pages\/13794","targetHints":{"allow":["GET"]}}],"collection":[{"href":"https:\/\/www.federated.ca\/fr\/wp-json\/wp\/v2\/pages"}],"about":[{"href":"https:\/\/www.federated.ca\/fr\/wp-json\/wp\/v2\/types\/page"}],"author":[{"embeddable":true,"href":"https:\/\/www.federated.ca\/fr\/wp-json\/wp\/v2\/users\/29"}],"replies":[{"embeddable":true,"href":"https:\/\/www.federated.ca\/fr\/wp-json\/wp\/v2\/comments?post=13794"}],"version-history":[{"count":0,"href":"https:\/\/www.federated.ca\/fr\/wp-json\/wp\/v2\/pages\/13794\/revisions"}],"up":[{"embeddable":true,"href":"https:\/\/www.federated.ca\/fr\/wp-json\/wp\/v2\/pages\/13722"}],"wp:attachment":[{"href":"https:\/\/www.federated.ca\/fr\/wp-json\/wp\/v2\/media?parent=13794"}],"curies":[{"name":"wp","href":"https:\/\/api.w.org\/{rel}","templated":true}]}}