{"id":13797,"date":"2015-02-12T15:02:10","date_gmt":"2015-02-12T20:02:10","guid":{"rendered":"http:\/\/www.federated.ca\/accessibilite\/multi-year-accessibility-plan\/"},"modified":"2021-10-28T11:41:30","modified_gmt":"2021-10-28T15:41:30","slug":"le-plan-daccessibilite-pluriannuel","status":"publish","type":"page","link":"https:\/\/www.federated.ca\/fr\/legales\/le-plan-daccessibilite-pluriannuel\/","title":{"rendered":"Le plan d&rsquo;accessibilit\u00e9 pluriannuel"},"content":{"rendered":"<h1>Le plan d&rsquo;accessibilit\u00e9 pluriannuel<\/h1>\n<h2>Engagement relatif \u00e0 l\u2019accessibilit\u00e9<\/h2>\n<p>La Corporation financi\u00e8re Northbridge et ses filiales (collectivement : \u00ab Northbridge \u00bb) sont engag\u00e9es \u00e0 offrir un environnement de travail ouvert et accessible \u00e0 tous les clients, courtiers et employ\u00e9s ainsi qu\u2019au public en g\u00e9n\u00e9ral. Dans le cadre de ses activit\u00e9s, Northbridge prendra les mesures raisonnables n\u00e9cessaires pour \u00e9liminer tout obstacle \u00e0 l\u2019accessibilit\u00e9 selon la Loi sur l\u2019accessibilit\u00e9 pour les personnes handicap\u00e9es de l\u2019Ontario en s\u2019assurant que ses politiques, ses pratiques et ses proc\u00e9dures, dans les bureaux de Northbridge ou dans les endroits ext\u00e9rieurs dont Northbridge a le contr\u00f4le, respectent les principes de dignit\u00e9, d\u2019ind\u00e9pendance, d\u2019int\u00e9gration et d\u2019\u00e9galit\u00e9 des chances.<\/p>\n<p>Le plan d\u2019accessibilit\u00e9 pluriannuel (\u00ab plan \u00bb) d\u00e9finit la strat\u00e9gie de Northbridge pour pr\u00e9venir et \u00e9liminer les obstacles \u00e0 l\u2019accessibilit\u00e9 et r\u00e9pondre aux exigences de la Loi de 2005 sur l\u2019accessibilit\u00e9 pour les personnes handicap\u00e9es de l\u2019Ontario.<\/p>\n<p>Nous passerons en revue et mettrons \u00e0 jour r\u00e9guli\u00e8rement ce plan afin de nous assurer que notre entreprise r\u00e9pond aux exigences.<\/p>\n<h3>Partie I \u2013 Exigences g\u00e9n\u00e9rales<\/h3>\n<p><strong>\u00c9tablissement d\u2019une politique en mati\u00e8re d\u2019accessibilit\u00e9<\/strong><\/p>\n<p>La politique sur les normes d\u2019accessibilit\u00e9 int\u00e9gr\u00e9es de Northbridge (\u00ab politique \u00bb), qui d\u00e9crit comment Northbridge assure actuellement l\u2019accessibilit\u00e9 ou comment elle y parviendra dans le futur, est affich\u00e9e sur le site Web de Northbridge. La politique est offerte en format accessible sur demande.<\/p>\n<p><strong>Plan d\u2019accessibilit\u00e9<\/strong><\/p>\n<p>Un plan pluriannuel qui d\u00e9finit la strat\u00e9gie de Northbridge pour pr\u00e9venir et \u00e9liminer les obstacles \u00e0 l\u2019accessibilit\u00e9 et r\u00e9pondre aux exigences de la loi et des r\u00e8glements sur l\u2019accessibilit\u00e9. Le plan d\u2019accessibilit\u00e9 est offert en format accessible sur demande. Le plan d\u2019accessibilit\u00e9 sera r\u00e9vis\u00e9 tous les cinq ans.<\/p>\n<p><strong>Formation<\/strong><\/p>\n<p>Une politique et un programme de formation ont \u00e9t\u00e9 \u00e9labor\u00e9s sur les r\u00e8glements et le Code des droits de la personne. Tous les employ\u00e9s, b\u00e9n\u00e9voles et autres personnes d\u00e9sign\u00e9es dans les normes d\u2019accessibilit\u00e9 int\u00e9gr\u00e9es recevront une formation sur ces normes. Le registre de formation sera conserv\u00e9 par Northbridge.<\/p>\n<h3>Partie II \u2013 Normes pour l\u2019information et les communications<\/h3>\n<p><strong>Commentaires, formats accessibles et aide \u00e0 la communication<\/strong><\/p>\n<p>Northbridge continuera de s\u2019assurer que ses processus li\u00e9s \u00e0 la r\u00e9ception et au traitement des commentaires sont accessibles aux personnes ayant un handicap. De plus, elle fournira, ou prendra les mesures n\u00e9cessaires pour le faire, des formats accessibles et de l\u2019aide \u00e0 la communication aux personnes ayant un handicap, sur demande et en temps opportun. Pour ce faire, Northbridge consultera la personne en question afin de se renseigner sur ses besoins en mati\u00e8re d\u2019accessibilit\u00e9 ainsi que sur les formats et l\u2019aide \u00e0 la communication qui conviennent \u00e0 son handicap.<\/p>\n<p><strong>Sites et contenus Web accessibles<\/strong><\/p>\n<p>Tout nouveau site Web ou contenu Web de Northbridge est \u00e9labor\u00e9 selon les normes WACG 2.0 conform\u00e9ment aux normes d\u2019accessibilit\u00e9 int\u00e9gr\u00e9es. Tous les sites Internet de Northbridge et le contenu Web actuels (sauf exception) devront se conformer aux normes WCAG 2.0 dans les d\u00e9lais pr\u00e9vus selon les normes d\u2019accessibilit\u00e9 int\u00e9gr\u00e9es.<br \/>\nDate limite : 1er janvier 2021.<\/p>\n<h3>Partie III \u2013 Normes pour l\u2019emploi<\/h3>\n<p><strong>Recrutement : dispositions g\u00e9n\u00e9rales<\/strong><\/p>\n<p>Northbridge \u00e0 cibl\u00e9 les forums (internes et externes) sur lesquels elle affiche des postes \u00e0 pourvoir. Ces offres d\u2019emploi indiqueront que des formats accessibles peuvent \u00eatre offerts aux personnes ayant un handicap.<\/p>\n<p><strong>Recrutement : processus d\u2019\u00e9valuation et de s\u00e9lection<\/strong><\/p>\n<p>Northbridge assure l\u2019accessibilit\u00e9 des personnes ayant un handicap au cours de son processus de recrutement. Elle avisera les candidats choisis individuellement \u00e0 participer au processus d\u2019\u00e9valuation et de s\u00e9lection que des documents et processus adapt\u00e9s \u00e0 leurs besoins sont offerts sur demande. Si un candidat sollicite des mesures d\u2019adaptation, Northbridge discutera avec lui pour r\u00e9pondre \u00e0 ses besoins en mati\u00e8re d\u2019accessibilit\u00e9, ou prendra les dispositions n\u00e9cessaires pour y arriver, selon son handicap.<\/p>\n<p><strong>Avis aux candidats retenus<\/strong><\/p>\n<p>Au moment de faire une offre d\u2019emploi, Northbridge \u00e9noncera au candidat s\u00e9lectionn\u00e9 ses politiques en mati\u00e8re d\u2019int\u00e9gration des employ\u00e9s ayant un handicap.<\/p>\n<p><strong>Renseignements sur les mesures de soutien<\/strong><\/p>\n<p>Northbridge continuera de renseigner ses employ\u00e9s sur ses politiques li\u00e9es au soutien des employ\u00e9s ayant un handicap, et de tout changement par rapport \u00e0 celles-ci, y compris les politiques concernant les mesures d\u2019adaptation au travail, qui tiennent compte des besoins en mati\u00e8re d\u2019accessibilit\u00e9. Ces renseignements seront fournis aux nouveaux employ\u00e9s aussi rapidement que possible apr\u00e8s leur entr\u00e9e en fonction.<\/p>\n<p><strong>Formats accessibles et aide \u00e0 la communication pour les employ\u00e9s<\/strong><\/p>\n<p>\u00c0 la demande d\u2019un employ\u00e9 ayant un handicap, Northbridge discutera avec lui afin de lui fournir, ou de prendre les mesures n\u00e9cessaires pour y arriver, les formats accessibles et l\u2019aide \u00e0 la communication n\u00e9cessaires pour ex\u00e9cuter ses t\u00e2ches et consulter les documents g\u00e9n\u00e9ralement offerts aux autres employ\u00e9s. Northbridge communiquera \u00e9galement avec cet employ\u00e9 pour s\u2019assurer que les formats accessibles et l\u2019aide \u00e0 la communication fournis r\u00e9pondent \u00e0 ses besoins.<\/p>\n<p><strong>Renseignements relatifs aux interventions d\u2019urgence sur le lieu de travail<\/strong><\/p>\n<p>Northbridge remettra aux personnes handicap\u00e9es (ainsi qu\u2019aux personnes d\u00e9sign\u00e9es par Northbridge qui doivent leur fournir une aide d\u2019urgence, si n\u00e9cessaire) des renseignements individualis\u00e9s relatifs aux interventions d\u2019urgence sur le lieu de travail, au besoin, et d\u00e8s qu\u2019on l\u2019avise de la n\u00e9cessit\u00e9 de le faire. Ces renseignements individualis\u00e9s doivent \u00eatre pass\u00e9s en revue conform\u00e9ment aux normes d\u2019accessibilit\u00e9 int\u00e9gr\u00e9es.<\/p>\n<p><strong>Plans d\u2019adaptation individualis\u00e9s et document\u00e9s<\/strong><\/p>\n<p>Northbridge a cr\u00e9\u00e9 et a mis en \u0153uvre des politiques sur les mesures d\u2019adaptation \u00e9crites et conformes aux normes d\u2019accessibilit\u00e9 int\u00e9gr\u00e9es et pour l\u2019\u00e9laboration de plans d\u2019adaptation individualis\u00e9s et document\u00e9s pour les personnes ayant un handicap.<\/p>\n<p><strong>Processus de retour au travail<\/strong><\/p>\n<p>Northbridge mettra \u00e0 jour sa politique d\u2019invalidit\u00e9 de courte dur\u00e9e pour y inclure des sections sur les mesures d\u2019adaptation pour les employ\u00e9s ayant un handicap et qui retournent au travail.<\/p>\n<p><strong>Gestion du rendement<\/strong><\/p>\n<p>Northbridge tiendra compte des besoins en mati\u00e8re d\u2019accessibilit\u00e9 des employ\u00e9s ayant un handicap, ainsi que des plans d\u2019adaptation individuels, dans la gestion du rendement de ceux-ci.<\/p>\n<p><strong>Perfectionnement et avancement professionnels<\/strong><\/p>\n<p>Northbridge tiendra compte des besoins en mati\u00e8re d\u2019accessibilit\u00e9 des employ\u00e9s ayant un handicap, ainsi que des plans d\u2019adaptation individuels, au moment de leur offrir des possibilit\u00e9s d\u2019avancement et de perfectionnement.<\/p>\n<p><strong>R\u00e9affectation<\/strong><\/p>\n<p>Northbridge tiendra compte des besoins en mati\u00e8re d\u2019accessibilit\u00e9 des employ\u00e9s ayant un handicap, ainsi que des plans d\u2019adaptation individuels, au moment de les r\u00e9affecter.<\/p>\n<h3>Partie IV \u2013 Normes de construction<\/h3>\n<p><strong>Voies de d\u00e9placement ext\u00e9rieures, guichets de service et salles d\u2019attente<\/strong><\/p>\n<p>Actuellement, ce r\u00e8glement des normes d\u2019accessibilit\u00e9 int\u00e9gr\u00e9es ne s\u2019applique pas \u00e0 nos activit\u00e9s principales ni \u00e0 notre orientation strat\u00e9gique. Toutefois, Northbridge s\u2019assurera qu\u2019\u00e0 partir du 1er janvier 2017, toute voie de d\u00e9placement ext\u00e9rieure ou salle d\u2019attente construite ou r\u00e9nov\u00e9e et tout nouveau guichet de service, r\u00e9ponde aux normes de construction des normes d\u2019accessibilit\u00e9 int\u00e9gr\u00e9es. Northbridge s\u2019assurera que les entrepreneurs effectuant les travaux de construction ou de r\u00e9novation respectent ces normes.<\/p>\n<p><strong>Entretien des \u00e9l\u00e9ments accessibles<\/strong><\/p>\n<p>\u00c0 partir du 1er janvier 2017, Northbridge effectuera un entretien pr\u00e9ventif et d\u2019urgence des \u00e9l\u00e9ments accessibles mentionn\u00e9s pr\u00e9c\u00e9demment comme les voies de d\u00e9placement ext\u00e9rieures, les guichets de service et les salles d\u2019attente. Elle prendra les mesures n\u00e9cessaires pour r\u00e9parer tout \u00e9l\u00e9ment non fonctionnel, selon les normes d\u2019accessibilit\u00e9 int\u00e9gr\u00e9es. Northbridge s\u2019assurera que les entrepreneurs effectuant l\u2019entretien ou les travaux respectent ces normes.<\/p>\n","protected":false},"excerpt":{"rendered":"<p>Le plan d&rsquo;accessibilit\u00e9 pluriannuel Engagement relatif \u00e0 l\u2019accessibilit\u00e9 La Corporation financi\u00e8re Northbridge et ses filiales (collectivement : \u00ab Northbridge \u00bb) sont engag\u00e9es \u00e0 offrir un environnement de travail ouvert et <a href=\"https:\/\/www.federated.ca\/fr\/legales\/le-plan-daccessibilite-pluriannuel\/\"> [&#8230;]<\/a><\/p>\n","protected":false},"author":3,"featured_media":0,"parent":13722,"menu_order":0,"comment_status":"closed","ping_status":"open","template":"side-navigation.php","meta":{"_acf_changed":false,"footnotes":""},"class_list":["post-13797","page","type-page","status-publish","hentry"],"acf":[],"yoast_head":"<!-- This site is optimized with the Yoast SEO Premium plugin v27.3 (Yoast SEO v27.3) - https:\/\/yoast.com\/product\/yoast-seo-premium-wordpress\/ -->\n<title>Le plan d&#039;accessibilit\u00e9 pluriannuel - La Federated, Compagnie d\u2019assurance du Canada<\/title>\n<meta name=\"description\" content=\"Nous nous sommes engag\u00e9s \u00e0 offrir un environnement de travail ouvert et accessible \u00e0 tous nos agents, nos courtiers, nos employ\u00e9s et au public en g\u00e9n\u00e9ral.\" \/>\n<meta name=\"robots\" content=\"index, follow, max-snippet:-1, max-image-preview:large, max-video-preview:-1\" \/>\n<link rel=\"canonical\" href=\"https:\/\/www.federated.ca\/fr\/legales\/le-plan-daccessibilite-pluriannuel\/\" \/>\n<meta property=\"og:locale\" content=\"fr_FR\" \/>\n<meta property=\"og:type\" content=\"article\" \/>\n<meta property=\"og:title\" content=\"Le plan d&#039;accessibilit\u00e9 pluriannuel\" \/>\n<meta property=\"og:description\" content=\"Le plan d&#039;accessibilit\u00e9 pluriannuel Engagement relatif \u00e0 l\u2019accessibilit\u00e9 La Corporation financi\u00e8re Northbridge et ses filiales (collectivement : \u00ab\" \/>\n<meta property=\"og:url\" content=\"https:\/\/www.federated.ca\/fr\/legales\/le-plan-daccessibilite-pluriannuel\/\" \/>\n<meta property=\"og:site_name\" content=\"La Federated, Compagnie d\u2019assurance du Canada\" \/>\n<meta property=\"article:publisher\" content=\"https:\/\/www.facebook.com\/FedInsCanada\/\" \/>\n<meta property=\"article:modified_time\" content=\"2021-10-28T15:41:30+00:00\" \/>\n<meta name=\"twitter:label1\" content=\"Dur\u00e9e de lecture estim\u00e9e\" \/>\n\t<meta name=\"twitter:data1\" content=\"7 minutes\" \/>\n<script type=\"application\/ld+json\" class=\"yoast-schema-graph\">{\"@context\":\"https:\\\/\\\/schema.org\",\"@graph\":[{\"@type\":\"WebPage\",\"@id\":\"https:\\\/\\\/www.federated.ca\\\/fr\\\/legales\\\/le-plan-daccessibilite-pluriannuel\\\/\",\"url\":\"https:\\\/\\\/www.federated.ca\\\/fr\\\/legales\\\/le-plan-daccessibilite-pluriannuel\\\/\",\"name\":\"Le plan d'accessibilit\u00e9 pluriannuel - La Federated, Compagnie d\u2019assurance du Canada\",\"isPartOf\":{\"@id\":\"https:\\\/\\\/www.federated.ca\\\/fr\\\/#website\"},\"datePublished\":\"2015-02-12T20:02:10+00:00\",\"dateModified\":\"2021-10-28T15:41:30+00:00\",\"description\":\"Nous nous sommes engag\u00e9s \u00e0 offrir un environnement de travail ouvert et accessible \u00e0 tous nos agents, nos courtiers, nos employ\u00e9s et au public en g\u00e9n\u00e9ral.\",\"breadcrumb\":{\"@id\":\"https:\\\/\\\/www.federated.ca\\\/fr\\\/legales\\\/le-plan-daccessibilite-pluriannuel\\\/#breadcrumb\"},\"inLanguage\":\"fr-FR\",\"potentialAction\":[{\"@type\":\"ReadAction\",\"target\":[\"https:\\\/\\\/www.federated.ca\\\/fr\\\/legales\\\/le-plan-daccessibilite-pluriannuel\\\/\"]}]},{\"@type\":\"BreadcrumbList\",\"@id\":\"https:\\\/\\\/www.federated.ca\\\/fr\\\/legales\\\/le-plan-daccessibilite-pluriannuel\\\/#breadcrumb\",\"itemListElement\":[{\"@type\":\"ListItem\",\"position\":1,\"name\":\"Home\",\"item\":\"https:\\\/\\\/www.federated.ca\\\/fr\\\/\"},{\"@type\":\"ListItem\",\"position\":2,\"name\":\"Notes l\u00e9gales\",\"item\":\"https:\\\/\\\/www.federated.ca\\\/fr\\\/legales\\\/\"},{\"@type\":\"ListItem\",\"position\":3,\"name\":\"Le plan d&#8217;accessibilit\u00e9 pluriannuel\"}]},{\"@type\":\"WebSite\",\"@id\":\"https:\\\/\\\/www.federated.ca\\\/fr\\\/#website\",\"url\":\"https:\\\/\\\/www.federated.ca\\\/fr\\\/\",\"name\":\"Federated Insurance Company of Canada\",\"description\":\"La s\u00e9curit\u00e9 de votre entreprise en t\u00eate\",\"publisher\":{\"@id\":\"https:\\\/\\\/www.federated.ca\\\/fr\\\/#organization\"},\"potentialAction\":[{\"@type\":\"SearchAction\",\"target\":{\"@type\":\"EntryPoint\",\"urlTemplate\":\"https:\\\/\\\/www.federated.ca\\\/fr\\\/?s={search_term_string}\"},\"query-input\":{\"@type\":\"PropertyValueSpecification\",\"valueRequired\":true,\"valueName\":\"search_term_string\"}}],\"inLanguage\":\"fr-FR\"},{\"@type\":\"Organization\",\"@id\":\"https:\\\/\\\/www.federated.ca\\\/fr\\\/#organization\",\"name\":\"Les assurances Federated\",\"url\":\"https:\\\/\\\/www.federated.ca\\\/fr\\\/\",\"logo\":{\"@type\":\"ImageObject\",\"inLanguage\":\"fr-FR\",\"@id\":\"https:\\\/\\\/www.federated.ca\\\/fr\\\/#\\\/schema\\\/logo\\\/image\\\/\",\"url\":\"https:\\\/\\\/www.federated.ca\\\/wp-content\\\/uploads\\\/2015\\\/03\\\/FED_ENG_NOtag_shiftnav_210x52.png\",\"contentUrl\":\"https:\\\/\\\/www.federated.ca\\\/wp-content\\\/uploads\\\/2015\\\/03\\\/FED_ENG_NOtag_shiftnav_210x52.png\",\"width\":210,\"height\":52,\"caption\":\"Les assurances Federated\"},\"image\":{\"@id\":\"https:\\\/\\\/www.federated.ca\\\/fr\\\/#\\\/schema\\\/logo\\\/image\\\/\"},\"sameAs\":[\"https:\\\/\\\/www.facebook.com\\\/FedInsCanada\\\/\",\"https:\\\/\\\/www.instagram.com\\\/federatedinsuranceca\\\/\",\"https:\\\/\\\/www.linkedin.com\\\/authwall?trk=ripf&amp;amp;amp;trkInfo=AQExgtg9_9rmAQAAAVx-tQL4XBOielaWooxEaw4kQGfXIqAVlPw7IbVWBdg-4ezDWDNXO2cp0GXtaWrXpPlk3S8ZhjlEcvoxf5Jti8CypWckNTc3e85aDADZtFHeDNEVc5LgQ80=&amp;amp;amp;originalReferer=http:\\\/\\\/avada.federated.ca\\\/business-insurance\\\/automotive-dealers-insurance\\\/&amp;amp;amp;sessionRedirect=https:\\\/\\\/www.linkedin.com\\\/company\\\/federated-insurance\",\"https:\\\/\\\/www.youtube.com\\\/channel\\\/UC2TYZAr9C3puo4Tvg9Q151Q\"],\"description\":\"With Federated Insurance, you work directly with an industry expert who is committed to understanding the unique risks and opportunities associated with your business. With a dedicated agent and risk management team on your side, you will always get the right coverage for your company and can focus on what matters most. Trust. Advise. Protect.\",\"email\":\"info@federated.ca\",\"telephone\":\"1.844.628.6800\",\"legalName\":\"Federated Insurance\"}]}<\/script>\n<!-- \/ Yoast SEO Premium plugin. -->","yoast_head_json":{"title":"Le plan d'accessibilit\u00e9 pluriannuel - La Federated, Compagnie d\u2019assurance du Canada","description":"Nous nous sommes engag\u00e9s \u00e0 offrir un environnement de travail ouvert et accessible \u00e0 tous nos agents, nos courtiers, nos employ\u00e9s et au public en g\u00e9n\u00e9ral.","robots":{"index":"index","follow":"follow","max-snippet":"max-snippet:-1","max-image-preview":"max-image-preview:large","max-video-preview":"max-video-preview:-1"},"canonical":"https:\/\/www.federated.ca\/fr\/legales\/le-plan-daccessibilite-pluriannuel\/","og_locale":"fr_FR","og_type":"article","og_title":"Le plan d'accessibilit\u00e9 pluriannuel","og_description":"Le plan d'accessibilit\u00e9 pluriannuel Engagement relatif \u00e0 l\u2019accessibilit\u00e9 La Corporation financi\u00e8re Northbridge et ses filiales (collectivement : \u00ab","og_url":"https:\/\/www.federated.ca\/fr\/legales\/le-plan-daccessibilite-pluriannuel\/","og_site_name":"La Federated, Compagnie d\u2019assurance du Canada","article_publisher":"https:\/\/www.facebook.com\/FedInsCanada\/","article_modified_time":"2021-10-28T15:41:30+00:00","twitter_misc":{"Dur\u00e9e de lecture estim\u00e9e":"7 minutes"},"schema":{"@context":"https:\/\/schema.org","@graph":[{"@type":"WebPage","@id":"https:\/\/www.federated.ca\/fr\/legales\/le-plan-daccessibilite-pluriannuel\/","url":"https:\/\/www.federated.ca\/fr\/legales\/le-plan-daccessibilite-pluriannuel\/","name":"Le plan d'accessibilit\u00e9 pluriannuel - La Federated, Compagnie d\u2019assurance du Canada","isPartOf":{"@id":"https:\/\/www.federated.ca\/fr\/#website"},"datePublished":"2015-02-12T20:02:10+00:00","dateModified":"2021-10-28T15:41:30+00:00","description":"Nous nous sommes engag\u00e9s \u00e0 offrir un environnement de travail ouvert et accessible \u00e0 tous nos agents, nos courtiers, nos employ\u00e9s et au public en g\u00e9n\u00e9ral.","breadcrumb":{"@id":"https:\/\/www.federated.ca\/fr\/legales\/le-plan-daccessibilite-pluriannuel\/#breadcrumb"},"inLanguage":"fr-FR","potentialAction":[{"@type":"ReadAction","target":["https:\/\/www.federated.ca\/fr\/legales\/le-plan-daccessibilite-pluriannuel\/"]}]},{"@type":"BreadcrumbList","@id":"https:\/\/www.federated.ca\/fr\/legales\/le-plan-daccessibilite-pluriannuel\/#breadcrumb","itemListElement":[{"@type":"ListItem","position":1,"name":"Home","item":"https:\/\/www.federated.ca\/fr\/"},{"@type":"ListItem","position":2,"name":"Notes l\u00e9gales","item":"https:\/\/www.federated.ca\/fr\/legales\/"},{"@type":"ListItem","position":3,"name":"Le plan d&#8217;accessibilit\u00e9 pluriannuel"}]},{"@type":"WebSite","@id":"https:\/\/www.federated.ca\/fr\/#website","url":"https:\/\/www.federated.ca\/fr\/","name":"Federated Insurance Company of Canada","description":"La s\u00e9curit\u00e9 de votre entreprise en t\u00eate","publisher":{"@id":"https:\/\/www.federated.ca\/fr\/#organization"},"potentialAction":[{"@type":"SearchAction","target":{"@type":"EntryPoint","urlTemplate":"https:\/\/www.federated.ca\/fr\/?s={search_term_string}"},"query-input":{"@type":"PropertyValueSpecification","valueRequired":true,"valueName":"search_term_string"}}],"inLanguage":"fr-FR"},{"@type":"Organization","@id":"https:\/\/www.federated.ca\/fr\/#organization","name":"Les assurances Federated","url":"https:\/\/www.federated.ca\/fr\/","logo":{"@type":"ImageObject","inLanguage":"fr-FR","@id":"https:\/\/www.federated.ca\/fr\/#\/schema\/logo\/image\/","url":"https:\/\/www.federated.ca\/wp-content\/uploads\/2015\/03\/FED_ENG_NOtag_shiftnav_210x52.png","contentUrl":"https:\/\/www.federated.ca\/wp-content\/uploads\/2015\/03\/FED_ENG_NOtag_shiftnav_210x52.png","width":210,"height":52,"caption":"Les assurances Federated"},"image":{"@id":"https:\/\/www.federated.ca\/fr\/#\/schema\/logo\/image\/"},"sameAs":["https:\/\/www.facebook.com\/FedInsCanada\/","https:\/\/www.instagram.com\/federatedinsuranceca\/","https:\/\/www.linkedin.com\/authwall?trk=ripf&amp;amp;amp;trkInfo=AQExgtg9_9rmAQAAAVx-tQL4XBOielaWooxEaw4kQGfXIqAVlPw7IbVWBdg-4ezDWDNXO2cp0GXtaWrXpPlk3S8ZhjlEcvoxf5Jti8CypWckNTc3e85aDADZtFHeDNEVc5LgQ80=&amp;amp;amp;originalReferer=http:\/\/avada.federated.ca\/business-insurance\/automotive-dealers-insurance\/&amp;amp;amp;sessionRedirect=https:\/\/www.linkedin.com\/company\/federated-insurance","https:\/\/www.youtube.com\/channel\/UC2TYZAr9C3puo4Tvg9Q151Q"],"description":"With Federated Insurance, you work directly with an industry expert who is committed to understanding the unique risks and opportunities associated with your business. With a dedicated agent and risk management team on your side, you will always get the right coverage for your company and can focus on what matters most. Trust. Advise. Protect.","email":"info@federated.ca","telephone":"1.844.628.6800","legalName":"Federated Insurance"}]}},"_links":{"self":[{"href":"https:\/\/www.federated.ca\/fr\/wp-json\/wp\/v2\/pages\/13797","targetHints":{"allow":["GET"]}}],"collection":[{"href":"https:\/\/www.federated.ca\/fr\/wp-json\/wp\/v2\/pages"}],"about":[{"href":"https:\/\/www.federated.ca\/fr\/wp-json\/wp\/v2\/types\/page"}],"author":[{"embeddable":true,"href":"https:\/\/www.federated.ca\/fr\/wp-json\/wp\/v2\/users\/3"}],"replies":[{"embeddable":true,"href":"https:\/\/www.federated.ca\/fr\/wp-json\/wp\/v2\/comments?post=13797"}],"version-history":[{"count":0,"href":"https:\/\/www.federated.ca\/fr\/wp-json\/wp\/v2\/pages\/13797\/revisions"}],"up":[{"embeddable":true,"href":"https:\/\/www.federated.ca\/fr\/wp-json\/wp\/v2\/pages\/13722"}],"wp:attachment":[{"href":"https:\/\/www.federated.ca\/fr\/wp-json\/wp\/v2\/media?parent=13797"}],"curies":[{"name":"wp","href":"https:\/\/api.w.org\/{rel}","templated":true}]}}