{"id":13800,"date":"2015-02-11T14:47:06","date_gmt":"2015-02-11T14:47:06","guid":{"rendered":"http:\/\/www.federated.ca\/billing-2\/"},"modified":"2025-09-16T15:33:14","modified_gmt":"2025-09-16T19:33:14","slug":"facturation","status":"publish","type":"page","link":"https:\/\/www.federated.ca\/fr\/facturation\/","title":{"rendered":"Facturation"},"content":{"rendered":"<div class=\"fusion-fullwidth fullwidth-box fusion-builder-row-1 fusion-flex-container nonhundred-percent-fullwidth non-hundred-percent-height-scrolling\" style=\"--awb-background-position:left top;--awb-border-radius-top-left:0px;--awb-border-radius-top-right:0px;--awb-border-radius-bottom-right:0px;--awb-border-radius-bottom-left:0px;--awb-padding-top:20px;--awb-padding-right:0px;--awb-padding-bottom:20px;--awb-padding-left:0px;--awb-border-sizes-top:0px;--awb-border-sizes-bottom:0px;--awb-flex-wrap:wrap;\" ><div class=\"fusion-builder-row fusion-row fusion-flex-align-items-flex-start fusion-flex-content-wrap\" style=\"max-width:1404px;margin-left: calc(-4% \/ 2 );margin-right: calc(-4% \/ 2 );\"><div class=\"fusion-layout-column fusion_builder_column fusion-builder-column-0 fusion_builder_column_1_1 1_1 fusion-flex-column fusion-flex-align-self-flex-start fusion-column-no-min-height\" style=\"--awb-bg-size:cover;--awb-width-large:100%;--awb-margin-top-large:0px;--awb-spacing-right-large:1.92%;--awb-margin-bottom-large:0px;--awb-spacing-left-large:1.92%;--awb-width-medium:100%;--awb-spacing-right-medium:1.92%;--awb-spacing-left-medium:1.92%;--awb-width-small:100%;--awb-spacing-right-small:1.92%;--awb-spacing-left-small:1.92%;\"><div class=\"fusion-column-wrapper fusion-flex-justify-content-flex-start fusion-content-layout-column\"><div class=\"fusion-title title fusion-title-1 sep-underline sep-solid fusion-title-text fusion-title-size-two\" style=\"--awb-margin-top-small:10px;--awb-margin-right-small:0px;--awb-margin-bottom-small:10px;--awb-margin-left-small:0px;\"><h2 class=\"fusion-title-heading title-heading-left fusion-responsive-typography-calculated\" style=\"margin:0;--fontSize:30;line-height:1.4;\"><span style=\"color: #0081c9;\">Facturation<\/span><\/h2><\/div><div class=\"fusion-text fusion-text-1\"><p>Les assurances Federated propose plusieurs options de paiement flexibles : vous pouvez r\u00e9gler vos factures en un paiement annuel ou par mensualit\u00e9s, par ch\u00e8que, carte de cr\u00e9dit ou pr\u00e9l\u00e8vement dans le compte bancaire. Pour en savoir plus, veuillez communiquer avec un agent des Assurances Federated pr\u00e8s de chez vous.<\/p>\n<p>Si vous \u00eates d\u00e9j\u00e0 un client des Assurances Federated et que vous avez des questions au sujet de votre facture, n\u2019h\u00e9sitez pas \u00e0 nous joindre aux coordonn\u00e9es suivantes :<\/p>\n<p><a href=\"mailto:Federated.ClientBill@federated.ca\">Federated.ClientBill@federated.ca<\/a><\/p>\n<p>Num\u00e9ro sans-frais : 1-800-797-4281<\/p>\n<\/div><\/div><\/div><\/div><\/div>\n","protected":false},"excerpt":{"rendered":"","protected":false},"author":29,"featured_media":0,"parent":0,"menu_order":0,"comment_status":"open","ping_status":"open","template":"side-navigation.php","meta":{"_acf_changed":false,"footnotes":""},"class_list":["post-13800","page","type-page","status-publish","hentry"],"acf":[],"yoast_head":"<!-- This site is optimized with the Yoast SEO Premium plugin v27.4 (Yoast SEO v27.4) - https:\/\/yoast.com\/product\/yoast-seo-premium-wordpress\/ -->\n<title>Facturation - La Federated, Compagnie d\u2019assurance du Canada<\/title>\n<meta name=\"robots\" content=\"index, follow, max-snippet:-1, max-image-preview:large, max-video-preview:-1\" \/>\n<link rel=\"canonical\" href=\"https:\/\/www.federated.ca\/fr\/facturation\/\" \/>\n<meta property=\"og:locale\" content=\"fr_FR\" \/>\n<meta property=\"og:type\" content=\"article\" \/>\n<meta property=\"og:title\" content=\"Facturation\" \/>\n<meta property=\"og:url\" content=\"https:\/\/www.federated.ca\/fr\/facturation\/\" \/>\n<meta property=\"og:site_name\" content=\"La Federated, Compagnie d\u2019assurance du Canada\" \/>\n<meta property=\"article:publisher\" content=\"https:\/\/www.facebook.com\/FedInsCanada\/\" \/>\n<meta property=\"article:modified_time\" content=\"2025-09-16T19:33:14+00:00\" \/>\n<meta name=\"twitter:label1\" content=\"Dur\u00e9e de lecture estim\u00e9e\" \/>\n\t<meta name=\"twitter:data1\" content=\"1 minute\" \/>\n<script type=\"application\/ld+json\" class=\"yoast-schema-graph\">{\"@context\":\"https:\\\/\\\/schema.org\",\"@graph\":[{\"@type\":\"WebPage\",\"@id\":\"https:\\\/\\\/www.federated.ca\\\/fr\\\/facturation\\\/\",\"url\":\"https:\\\/\\\/www.federated.ca\\\/fr\\\/facturation\\\/\",\"name\":\"Facturation - La Federated, Compagnie d\u2019assurance du Canada\",\"isPartOf\":{\"@id\":\"https:\\\/\\\/www.federated.ca\\\/fr\\\/#website\"},\"datePublished\":\"2015-02-11T14:47:06+00:00\",\"dateModified\":\"2025-09-16T19:33:14+00:00\",\"breadcrumb\":{\"@id\":\"https:\\\/\\\/www.federated.ca\\\/fr\\\/facturation\\\/#breadcrumb\"},\"inLanguage\":\"fr-FR\",\"potentialAction\":[{\"@type\":\"ReadAction\",\"target\":[\"https:\\\/\\\/www.federated.ca\\\/fr\\\/facturation\\\/\"]}]},{\"@type\":\"BreadcrumbList\",\"@id\":\"https:\\\/\\\/www.federated.ca\\\/fr\\\/facturation\\\/#breadcrumb\",\"itemListElement\":[{\"@type\":\"ListItem\",\"position\":1,\"name\":\"Home\",\"item\":\"https:\\\/\\\/www.federated.ca\\\/fr\\\/\"},{\"@type\":\"ListItem\",\"position\":2,\"name\":\"Facturation\"}]},{\"@type\":\"WebSite\",\"@id\":\"https:\\\/\\\/www.federated.ca\\\/fr\\\/#website\",\"url\":\"https:\\\/\\\/www.federated.ca\\\/fr\\\/\",\"name\":\"Federated Insurance Company of Canada\",\"description\":\"La s\u00e9curit\u00e9 de votre entreprise en t\u00eate\",\"publisher\":{\"@id\":\"https:\\\/\\\/www.federated.ca\\\/fr\\\/#organization\"},\"potentialAction\":[{\"@type\":\"SearchAction\",\"target\":{\"@type\":\"EntryPoint\",\"urlTemplate\":\"https:\\\/\\\/www.federated.ca\\\/fr\\\/?s={search_term_string}\"},\"query-input\":{\"@type\":\"PropertyValueSpecification\",\"valueRequired\":true,\"valueName\":\"search_term_string\"}}],\"inLanguage\":\"fr-FR\"},{\"@type\":\"Organization\",\"@id\":\"https:\\\/\\\/www.federated.ca\\\/fr\\\/#organization\",\"name\":\"Les assurances Federated\",\"url\":\"https:\\\/\\\/www.federated.ca\\\/fr\\\/\",\"logo\":{\"@type\":\"ImageObject\",\"inLanguage\":\"fr-FR\",\"@id\":\"https:\\\/\\\/www.federated.ca\\\/fr\\\/#\\\/schema\\\/logo\\\/image\\\/\",\"url\":\"https:\\\/\\\/www.federated.ca\\\/wp-content\\\/uploads\\\/2015\\\/03\\\/FED_ENG_NOtag_shiftnav_210x52.png\",\"contentUrl\":\"https:\\\/\\\/www.federated.ca\\\/wp-content\\\/uploads\\\/2015\\\/03\\\/FED_ENG_NOtag_shiftnav_210x52.png\",\"width\":210,\"height\":52,\"caption\":\"Les assurances Federated\"},\"image\":{\"@id\":\"https:\\\/\\\/www.federated.ca\\\/fr\\\/#\\\/schema\\\/logo\\\/image\\\/\"},\"sameAs\":[\"https:\\\/\\\/www.facebook.com\\\/FedInsCanada\\\/\",\"https:\\\/\\\/www.instagram.com\\\/federatedinsuranceca\\\/\",\"https:\\\/\\\/www.linkedin.com\\\/authwall?trk=ripf&amp;amp;amp;trkInfo=AQExgtg9_9rmAQAAAVx-tQL4XBOielaWooxEaw4kQGfXIqAVlPw7IbVWBdg-4ezDWDNXO2cp0GXtaWrXpPlk3S8ZhjlEcvoxf5Jti8CypWckNTc3e85aDADZtFHeDNEVc5LgQ80=&amp;amp;amp;originalReferer=http:\\\/\\\/avada.federated.ca\\\/business-insurance\\\/automotive-dealers-insurance\\\/&amp;amp;amp;sessionRedirect=https:\\\/\\\/www.linkedin.com\\\/company\\\/federated-insurance\",\"https:\\\/\\\/www.youtube.com\\\/channel\\\/UC2TYZAr9C3puo4Tvg9Q151Q\"],\"description\":\"With Federated Insurance, you work directly with an industry expert who is committed to understanding the unique risks and opportunities associated with your business. With a dedicated agent and risk management team on your side, you will always get the right coverage for your company and can focus on what matters most. Trust. Advise. Protect.\",\"email\":\"info@federated.ca\",\"telephone\":\"1.844.628.6800\",\"legalName\":\"Federated Insurance\"}]}<\/script>\n<!-- \/ Yoast SEO Premium plugin. -->","yoast_head_json":{"title":"Facturation - La Federated, Compagnie d\u2019assurance du Canada","robots":{"index":"index","follow":"follow","max-snippet":"max-snippet:-1","max-image-preview":"max-image-preview:large","max-video-preview":"max-video-preview:-1"},"canonical":"https:\/\/www.federated.ca\/fr\/facturation\/","og_locale":"fr_FR","og_type":"article","og_title":"Facturation","og_url":"https:\/\/www.federated.ca\/fr\/facturation\/","og_site_name":"La Federated, Compagnie d\u2019assurance du Canada","article_publisher":"https:\/\/www.facebook.com\/FedInsCanada\/","article_modified_time":"2025-09-16T19:33:14+00:00","twitter_misc":{"Dur\u00e9e de lecture estim\u00e9e":"1 minute"},"schema":{"@context":"https:\/\/schema.org","@graph":[{"@type":"WebPage","@id":"https:\/\/www.federated.ca\/fr\/facturation\/","url":"https:\/\/www.federated.ca\/fr\/facturation\/","name":"Facturation - La Federated, Compagnie d\u2019assurance du Canada","isPartOf":{"@id":"https:\/\/www.federated.ca\/fr\/#website"},"datePublished":"2015-02-11T14:47:06+00:00","dateModified":"2025-09-16T19:33:14+00:00","breadcrumb":{"@id":"https:\/\/www.federated.ca\/fr\/facturation\/#breadcrumb"},"inLanguage":"fr-FR","potentialAction":[{"@type":"ReadAction","target":["https:\/\/www.federated.ca\/fr\/facturation\/"]}]},{"@type":"BreadcrumbList","@id":"https:\/\/www.federated.ca\/fr\/facturation\/#breadcrumb","itemListElement":[{"@type":"ListItem","position":1,"name":"Home","item":"https:\/\/www.federated.ca\/fr\/"},{"@type":"ListItem","position":2,"name":"Facturation"}]},{"@type":"WebSite","@id":"https:\/\/www.federated.ca\/fr\/#website","url":"https:\/\/www.federated.ca\/fr\/","name":"Federated Insurance Company of Canada","description":"La s\u00e9curit\u00e9 de votre entreprise en t\u00eate","publisher":{"@id":"https:\/\/www.federated.ca\/fr\/#organization"},"potentialAction":[{"@type":"SearchAction","target":{"@type":"EntryPoint","urlTemplate":"https:\/\/www.federated.ca\/fr\/?s={search_term_string}"},"query-input":{"@type":"PropertyValueSpecification","valueRequired":true,"valueName":"search_term_string"}}],"inLanguage":"fr-FR"},{"@type":"Organization","@id":"https:\/\/www.federated.ca\/fr\/#organization","name":"Les assurances Federated","url":"https:\/\/www.federated.ca\/fr\/","logo":{"@type":"ImageObject","inLanguage":"fr-FR","@id":"https:\/\/www.federated.ca\/fr\/#\/schema\/logo\/image\/","url":"https:\/\/www.federated.ca\/wp-content\/uploads\/2015\/03\/FED_ENG_NOtag_shiftnav_210x52.png","contentUrl":"https:\/\/www.federated.ca\/wp-content\/uploads\/2015\/03\/FED_ENG_NOtag_shiftnav_210x52.png","width":210,"height":52,"caption":"Les assurances Federated"},"image":{"@id":"https:\/\/www.federated.ca\/fr\/#\/schema\/logo\/image\/"},"sameAs":["https:\/\/www.facebook.com\/FedInsCanada\/","https:\/\/www.instagram.com\/federatedinsuranceca\/","https:\/\/www.linkedin.com\/authwall?trk=ripf&amp;amp;amp;trkInfo=AQExgtg9_9rmAQAAAVx-tQL4XBOielaWooxEaw4kQGfXIqAVlPw7IbVWBdg-4ezDWDNXO2cp0GXtaWrXpPlk3S8ZhjlEcvoxf5Jti8CypWckNTc3e85aDADZtFHeDNEVc5LgQ80=&amp;amp;amp;originalReferer=http:\/\/avada.federated.ca\/business-insurance\/automotive-dealers-insurance\/&amp;amp;amp;sessionRedirect=https:\/\/www.linkedin.com\/company\/federated-insurance","https:\/\/www.youtube.com\/channel\/UC2TYZAr9C3puo4Tvg9Q151Q"],"description":"With Federated Insurance, you work directly with an industry expert who is committed to understanding the unique risks and opportunities associated with your business. With a dedicated agent and risk management team on your side, you will always get the right coverage for your company and can focus on what matters most. Trust. Advise. Protect.","email":"info@federated.ca","telephone":"1.844.628.6800","legalName":"Federated Insurance"}]}},"_links":{"self":[{"href":"https:\/\/www.federated.ca\/fr\/wp-json\/wp\/v2\/pages\/13800","targetHints":{"allow":["GET"]}}],"collection":[{"href":"https:\/\/www.federated.ca\/fr\/wp-json\/wp\/v2\/pages"}],"about":[{"href":"https:\/\/www.federated.ca\/fr\/wp-json\/wp\/v2\/types\/page"}],"author":[{"embeddable":true,"href":"https:\/\/www.federated.ca\/fr\/wp-json\/wp\/v2\/users\/29"}],"replies":[{"embeddable":true,"href":"https:\/\/www.federated.ca\/fr\/wp-json\/wp\/v2\/comments?post=13800"}],"version-history":[{"count":0,"href":"https:\/\/www.federated.ca\/fr\/wp-json\/wp\/v2\/pages\/13800\/revisions"}],"wp:attachment":[{"href":"https:\/\/www.federated.ca\/fr\/wp-json\/wp\/v2\/media?parent=13800"}],"curies":[{"name":"wp","href":"https:\/\/api.w.org\/{rel}","templated":true}]}}