{"id":20002,"date":"2016-12-29T15:33:34","date_gmt":"2016-12-29T20:33:34","guid":{"rendered":"https:\/\/www.federated.ca\/legales\/report-insurance-fraud\/"},"modified":"2017-05-18T16:21:39","modified_gmt":"2017-05-18T20:21:39","slug":"signaler-fraudes-assurance","status":"publish","type":"page","link":"https:\/\/www.federated.ca\/fr\/legales\/signaler-fraudes-assurance\/","title":{"rendered":"Signaler les fraudes \u00e0 l\u2019assurance"},"content":{"rendered":"<p style=\"padding-bottom: 30px;\"><div class=\"fusion-fullwidth fullwidth-box fusion-builder-row-1 fusion-flex-container nonhundred-percent-fullwidth non-hundred-percent-height-scrolling\" style=\"--awb-background-position:left top;--awb-border-radius-top-left:0px;--awb-border-radius-top-right:0px;--awb-border-radius-bottom-right:0px;--awb-border-radius-bottom-left:0px;--awb-padding-top:20px;--awb-padding-right:0px;--awb-padding-bottom:20px;--awb-padding-left:0px;--awb-border-sizes-top:0px;--awb-border-sizes-bottom:0px;--awb-flex-wrap:wrap;\" ><div class=\"fusion-builder-row fusion-row fusion-flex-align-items-flex-start fusion-flex-content-wrap\" style=\"max-width:calc( 1350px + 0px );margin-left: calc(-0px \/ 2 );margin-right: calc(-0px \/ 2 );\"><div class=\"fusion-layout-column fusion_builder_column fusion-builder-column-0 fusion_builder_column_1_1 1_1 fusion-flex-column fusion-flex-align-self-flex-start fusion-column-no-min-height\" style=\"--awb-bg-size:cover;--awb-width-large:100%;--awb-margin-top-large:0px;--awb-spacing-right-large:0px;--awb-margin-bottom-large:0px;--awb-spacing-left-large:0px;--awb-width-medium:100%;--awb-spacing-right-medium:0px;--awb-spacing-left-medium:0px;--awb-width-small:100%;--awb-spacing-right-small:0px;--awb-spacing-left-small:0px;\"><div class=\"fusion-column-wrapper fusion-flex-justify-content-flex-start fusion-content-layout-column\"><div class=\"fusion-title title fusion-title-1 sep-underline sep-solid fusion-title-text fusion-title-size-one\" style=\"--awb-margin-top-small:10px;--awb-margin-right-small:0px;--awb-margin-bottom-small:10px;--awb-margin-left-small:0px;\"><h1 class=\"fusion-title-heading title-heading-left fusion-responsive-typography-calculated\" style=\"margin:0;--fontSize:40;line-height:1.4;\"><span style=\"color: #0081c9; font-size:.8em;line-height:1.3em;\">Veuillez signaler les fraudes \u00e0 l\u2019assurance ici<\/span><\/h1><\/div><div class=\"fusion-text fusion-text-1\"><style type=\"text\/css\">#gform_fields_37 label  span.gfield_required<\/style>\n<script type=\"text\/javascript\">\n\/* <![CDATA[ *\/\nvar gform;gform||(document.addEventListener(\"gform_main_scripts_loaded\",function(){gform.scriptsLoaded=!0}),document.addEventListener(\"gform\/theme\/scripts_loaded\",function(){gform.themeScriptsLoaded=!0}),window.addEventListener(\"DOMContentLoaded\",function(){gform.domLoaded=!0}),gform={domLoaded:!1,scriptsLoaded:!1,themeScriptsLoaded:!1,isFormEditor:()=>\"function\"==typeof InitializeEditor,callIfLoaded:function(o){return!(!gform.domLoaded||!gform.scriptsLoaded||!gform.themeScriptsLoaded&&!gform.isFormEditor()||(gform.isFormEditor()&&console.warn(\"The use of gform.initializeOnLoaded() is deprecated in the form editor context and will be removed in Gravity Forms 3.1.\"),o(),0))},initializeOnLoaded:function(o){gform.callIfLoaded(o)||(document.addEventListener(\"gform_main_scripts_loaded\",()=>{gform.scriptsLoaded=!0,gform.callIfLoaded(o)}),document.addEventListener(\"gform\/theme\/scripts_loaded\",()=>{gform.themeScriptsLoaded=!0,gform.callIfLoaded(o)}),window.addEventListener(\"DOMContentLoaded\",()=>{gform.domLoaded=!0,gform.callIfLoaded(o)}))},hooks:{action:{},filter:{}},addAction:function(o,r,e,t){gform.addHook(\"action\",o,r,e,t)},addFilter:function(o,r,e,t){gform.addHook(\"filter\",o,r,e,t)},doAction:function(o){gform.doHook(\"action\",o,arguments)},applyFilters:function(o){return gform.doHook(\"filter\",o,arguments)},removeAction:function(o,r){gform.removeHook(\"action\",o,r)},removeFilter:function(o,r,e){gform.removeHook(\"filter\",o,r,e)},addHook:function(o,r,e,t,n){null==gform.hooks[o][r]&&(gform.hooks[o][r]=[]);var d=gform.hooks[o][r];null==n&&(n=r+\"_\"+d.length),gform.hooks[o][r].push({tag:n,callable:e,priority:t=null==t?10:t})},doHook:function(r,o,e){var t;if(e=Array.prototype.slice.call(e,1),null!=gform.hooks[r][o]&&((o=gform.hooks[r][o]).sort(function(o,r){return o.priority-r.priority}),o.forEach(function(o){\"function\"!=typeof(t=o.callable)&&(t=window[t]),\"action\"==r?t.apply(null,e):e[0]=t.apply(null,e)})),\"filter\"==r)return e[0]},removeHook:function(o,r,t,n){var e;null!=gform.hooks[o][r]&&(e=(e=gform.hooks[o][r]).filter(function(o,r,e){return!!(null!=n&&n!=o.tag||null!=t&&t!=o.priority)}),gform.hooks[o][r]=e)}});\n\/* ]]> *\/\n<\/script>\n\n                <div class='gf_browser_gecko gform_wrapper gform_legacy_markup_wrapper gform-theme--no-framework' data-form-theme='legacy' data-form-index='0' id='gform_wrapper_37' ><form method='post' enctype='multipart\/form-data'  id='gform_37'  action='\/fr\/wp-json\/wp\/v2\/pages\/20002' data-formid='37' novalidate autocomplete=\"off\">\n                        <div class='gform-body gform_body'><ul id='gform_fields_37' class='gform_fields top_label form_sublabel_below description_below validation_below'><li id=\"field_37_10\" class=\"gfield gfield--type-honeypot gform_validation_container field_sublabel_below gfield--has-description field_description_below field_validation_below gfield_visibility_visible\"  ><label class='gfield_label gform-field-label' for='input_37_10'>Instagram<\/label><div class='ginput_container'><input autocomplete=\"off\"  name='input_10' id='input_37_10' type='text' value='' autocomplete='new-password'\/><\/div><div class='gfield_description' id='gfield_description_37_10'>Ce champ n\u2019est utilis\u00e9 qu\u2019\u00e0 des fins de validation et devrait rester inchang\u00e9.<\/div><\/li><li id=\"field_37_9\" class=\"gfield gfield--type-html gfield_html gfield_html_formatted gfield_no_follows_desc field_sublabel_below gfield--no-description field_description_below field_validation_below gfield_visibility_visible\"  ><p style=\"font-size: 1.15em; line-height: 1.8em; padding-bottom: 1em;\">La fraude \u00e0 l\u2019assurance co\u00fbte cher \u00e0 tous. L\u2019augmentation du co\u00fbt des primes d\u2019assurance qui en r\u00e9sulte concerne tout le monde. Si vous connaissez quelqu\u2019un qui fait de fausses demandes de r\u00e8glement aupr\u00e8s des Assurances Federated ou quelqu\u2019un qui tente de se faire un peu d\u2019argent en d\u00e9clarant une plus grande perte dans le cadre d\u2019un sinistre r\u00e9el, prenez le temps de signaler l\u2019incident ici. Toutes les d\u00e9clarations sont anonymes, \u00e0 moins que vous souhaitiez donner votre nom et vos coordonn\u00e9es pour en discuter plus en d\u00e9tail. Tous les renseignements personnels sont recueillis conform\u00e9ment \u00e0 notre <a href=\"\/fr\/legales\/protection-de-la-vie-privee\/\">Politique de protection de la vie priv\u00e9e<\/a>.<\/p><\/li><li id=\"field_37_8\" class=\"gfield gfield--type-text field_sublabel_below gfield--no-description field_description_below field_validation_below gfield_visibility_visible\"  ><label class='gfield_label gform-field-label' for='input_37_8'>Nom (facultatif)<\/label><div class='ginput_container ginput_container_text'><input autocomplete=\"off\"  name='input_8' id='input_37_8' type='text' value='' class='medium'      aria-invalid=\"false\"   \/><\/div><\/li><li id=\"field_37_6\" class=\"gfield gfield--type-email field_sublabel_below gfield--no-description field_description_below field_validation_below gfield_visibility_visible\"  ><label class='gfield_label gform-field-label' for='input_37_6'>Courriel (facultatif)<\/label><div class='ginput_container ginput_container_email'>\n                            <input autocomplete=\"off\"  name='input_6' id='input_37_6' type='email' value='' class='large'     aria-invalid=\"false\"  \/>\n                        <\/div><\/li><li id=\"field_37_3\" class=\"gfield gfield--type-textarea gfield_contains_required field_sublabel_below gfield--no-description field_description_below field_validation_below gfield_visibility_visible\"  ><label class='gfield_label gform-field-label' for='input_37_3'>Que souhaitez-vous nous faire savoir?<span class=\"gfield_required\"><span class=\"gfield_required gfield_required_asterisk\">*<\/span><\/span><\/label><div class='ginput_container ginput_container_textarea'><textarea autocomplete=\"off\"  name='input_3' id='input_37_3' class='textarea medium'    placeholder='Veuillez fournir tous les d\u00e9tails n\u00e9cessaires \u00e0 notre enqu\u00eate.' aria-required=\"true\" aria-invalid=\"false\"   rows='10' cols='50'><\/textarea><\/div><\/li><\/ul><\/div>\n        <div class='gform-footer gform_footer top_label'> <button type=\"submit\" id=\"gform_submit_button_37\" class=\"gform_button button\" onclick=\"if(window['gf_submitting_37']){return false;} if(typeof window.gform !== 'undefined' && typeof window.gform.submission !== 'undefined'){window.gform.submission.handleButtonClick(this); return false;}\">Envoyer<span class=\"button__spinner\"><\/span><\/button> \n            <input type='hidden' class='gform_hidden' name='gform_submission_method' data-js='gform_submission_method_37' value='postback' \/>\n            <input type='hidden' class='gform_hidden' name='gform_theme' data-js='gform_theme_37' id='gform_theme_37' value='legacy' \/>\n            <input type='hidden' class='gform_hidden' name='gform_style_settings' data-js='gform_style_settings_37' id='gform_style_settings_37' value='[]' \/>\n            <input type='hidden' class='gform_hidden' name='is_submit_37' value='1' \/>\n            <input type='hidden' class='gform_hidden' name='gform_submit' value='37' \/>\n            \n            <input type='hidden' class='gform_hidden' name='gform_currency' data-currency='CAD' value='nqrpfZHvxmAexeNg5TP4Xp\/PQ3SCTPuR5e6xwrNPL+D6tpCCaU0ZpVhBO\/PEqMIOKgLAJD56zdTZiZH3bTZ\/vIfJiAUixSgnb8SDHsynvwahII8=' \/>\n            <input type='hidden' class='gform_hidden' name='gform_unique_id' value='' \/>\n            <input type='hidden' class='gform_hidden' name='state_37' value='WyJbXSIsImE4NzhjNWZkM2U2MmI5MDkzN2RmZTQ2NWJlN2M5ZDgxIl0=' \/>\n            <input type='hidden' autocomplete='off' class='gform_hidden' name='gform_target_page_number_37' id='gform_target_page_number_37' value='0' \/>\n            <input type='hidden' autocomplete='off' class='gform_hidden' name='gform_source_page_number_37' id='gform_source_page_number_37' value='1' \/>\n            <input type='hidden' name='gform_field_values' value='' \/>\n            \n        <\/div>\n                        <\/form>\n                        <\/div><script type=\"text\/javascript\">\n\/* <![CDATA[ *\/\n gform.initializeOnLoaded( function() {gformInitSpinner( 37, 'https:\/\/www.federated.ca\/wp-content\/plugins\/gravityforms\/images\/spinner.svg', true );jQuery('#gform_ajax_frame_37').on('load',function(){var contents = jQuery(this).contents().find('*').html();var is_postback = contents.indexOf('GF_AJAX_POSTBACK') >= 0;if(!is_postback){return;}var form_content = jQuery(this).contents().find('#gform_wrapper_37');var is_confirmation = jQuery(this).contents().find('#gform_confirmation_wrapper_37').length > 0;var is_redirect = contents.indexOf('gformRedirect(){') >= 0;var is_form = form_content.length > 0 && ! is_redirect && ! is_confirmation;var mt = parseInt(jQuery('html').css('margin-top'), 10) + parseInt(jQuery('body').css('margin-top'), 10) + 100;if(is_form){jQuery('#gform_wrapper_37').html(form_content.html());if(form_content.hasClass('gform_validation_error')){jQuery('#gform_wrapper_37').addClass('gform_validation_error');} else {jQuery('#gform_wrapper_37').removeClass('gform_validation_error');}setTimeout( function() { \/* delay the scroll by 50 milliseconds to fix a bug in chrome *\/  }, 50 );if(window['gformInitDatepicker']) {gformInitDatepicker();}if(window['gformInitPriceFields']) {gformInitPriceFields();}var current_page = jQuery('#gform_source_page_number_37').val();gformInitSpinner( 37, 'https:\/\/www.federated.ca\/wp-content\/plugins\/gravityforms\/images\/spinner.svg', true );jQuery(document).trigger('gform_page_loaded', [37, current_page]);window['gf_submitting_37'] = false;}else if(!is_redirect){var confirmation_content = jQuery(this).contents().find('.GF_AJAX_POSTBACK').html();if(!confirmation_content){confirmation_content = contents;}jQuery('#gform_wrapper_37').replaceWith(confirmation_content);jQuery(document).trigger('gform_confirmation_loaded', [37]);window['gf_submitting_37'] = false;wp.a11y.speak(jQuery('#gform_confirmation_message_37').text());}else{jQuery('#gform_37').append(contents);if(window['gformRedirect']) {gformRedirect();}}jQuery(document).trigger(\"gform_pre_post_render\", [{ formId: \"37\", currentPage: \"current_page\", abort: function() { this.preventDefault(); } }]);        if (event && event.defaultPrevented) {                return;        }        const gformWrapperDiv = document.getElementById( \"gform_wrapper_37\" );        if ( gformWrapperDiv ) {            const visibilitySpan = document.createElement( \"span\" );            visibilitySpan.id = \"gform_visibility_test_37\";            gformWrapperDiv.insertAdjacentElement( \"afterend\", visibilitySpan );        }        const visibilityTestDiv = document.getElementById( \"gform_visibility_test_37\" );        let postRenderFired = false;        function triggerPostRender() {            if ( postRenderFired ) {                return;            }            postRenderFired = true;            gform.core.triggerPostRenderEvents( 37, current_page );            if ( visibilityTestDiv ) {                visibilityTestDiv.parentNode.removeChild( visibilityTestDiv );            }        }        function debounce( func, wait, immediate ) {            var timeout;            return function() {                var context = this, args = arguments;                var later = function() {                    timeout = null;                    if ( !immediate ) func.apply( context, args );                };                var callNow = immediate && !timeout;                clearTimeout( timeout );                timeout = setTimeout( later, wait );                if ( callNow ) func.apply( context, args );            };        }        const debouncedTriggerPostRender = debounce( function() {            triggerPostRender();        }, 200 );        if ( visibilityTestDiv && visibilityTestDiv.offsetParent === null ) {            const observer = new MutationObserver( ( mutations ) => {                mutations.forEach( ( mutation ) => {                    if ( mutation.type === 'attributes' && visibilityTestDiv.offsetParent !== null ) {                        debouncedTriggerPostRender();                        observer.disconnect();                    }                });            });            observer.observe( document.body, {                attributes: true,                childList: false,                subtree: true,                attributeFilter: [ 'style', 'class' ],            });        } else {            triggerPostRender();        }    } );} ); \n\/* ]]> *\/\n<\/script>\n\n<p> \u00a0 <\/p>\n<\/div><\/div><\/div><\/div><\/div><\/p>\n","protected":false},"excerpt":{"rendered":"","protected":false},"author":3,"featured_media":0,"parent":13722,"menu_order":4,"comment_status":"open","ping_status":"open","template":"side-navigation.php","meta":{"_acf_changed":false,"footnotes":""},"class_list":["post-20002","page","type-page","status-publish","hentry"],"acf":[],"yoast_head":"<!-- This site is optimized with the Yoast SEO Premium plugin v27.4 (Yoast SEO v27.4) - https:\/\/yoast.com\/product\/yoast-seo-premium-wordpress\/ -->\n<title>Signaler les fraudes \u00e0 l\u2019assurance - La Federated, Compagnie d\u2019assurance du Canada<\/title>\n<meta name=\"robots\" content=\"index, follow, max-snippet:-1, max-image-preview:large, max-video-preview:-1\" \/>\n<link rel=\"canonical\" href=\"https:\/\/www.federated.ca\/fr\/legales\/signaler-fraudes-assurance\/\" \/>\n<meta property=\"og:locale\" content=\"fr_FR\" \/>\n<meta property=\"og:type\" content=\"article\" \/>\n<meta property=\"og:title\" content=\"Signaler les fraudes \u00e0 l\u2019assurance\" \/>\n<meta property=\"og:url\" content=\"https:\/\/www.federated.ca\/fr\/legales\/signaler-fraudes-assurance\/\" \/>\n<meta property=\"og:site_name\" content=\"La Federated, Compagnie d\u2019assurance du Canada\" \/>\n<meta property=\"article:publisher\" content=\"https:\/\/www.facebook.com\/FedInsCanada\/\" \/>\n<meta property=\"article:modified_time\" content=\"2017-05-18T20:21:39+00:00\" \/>\n<meta name=\"twitter:label1\" content=\"Dur\u00e9e de lecture estim\u00e9e\" \/>\n\t<meta name=\"twitter:data1\" content=\"1 minute\" \/>\n<script type=\"application\/ld+json\" class=\"yoast-schema-graph\">{\"@context\":\"https:\\\/\\\/schema.org\",\"@graph\":[{\"@type\":\"WebPage\",\"@id\":\"https:\\\/\\\/www.federated.ca\\\/fr\\\/legales\\\/signaler-fraudes-assurance\\\/\",\"url\":\"https:\\\/\\\/www.federated.ca\\\/fr\\\/legales\\\/signaler-fraudes-assurance\\\/\",\"name\":\"Signaler les fraudes \u00e0 l\u2019assurance - La Federated, Compagnie d\u2019assurance du Canada\",\"isPartOf\":{\"@id\":\"https:\\\/\\\/www.federated.ca\\\/fr\\\/#website\"},\"datePublished\":\"2016-12-29T20:33:34+00:00\",\"dateModified\":\"2017-05-18T20:21:39+00:00\",\"breadcrumb\":{\"@id\":\"https:\\\/\\\/www.federated.ca\\\/fr\\\/legales\\\/signaler-fraudes-assurance\\\/#breadcrumb\"},\"inLanguage\":\"fr-FR\",\"potentialAction\":[{\"@type\":\"ReadAction\",\"target\":[\"https:\\\/\\\/www.federated.ca\\\/fr\\\/legales\\\/signaler-fraudes-assurance\\\/\"]}]},{\"@type\":\"BreadcrumbList\",\"@id\":\"https:\\\/\\\/www.federated.ca\\\/fr\\\/legales\\\/signaler-fraudes-assurance\\\/#breadcrumb\",\"itemListElement\":[{\"@type\":\"ListItem\",\"position\":1,\"name\":\"Home\",\"item\":\"https:\\\/\\\/www.federated.ca\\\/fr\\\/\"},{\"@type\":\"ListItem\",\"position\":2,\"name\":\"Notes l\u00e9gales\",\"item\":\"https:\\\/\\\/www.federated.ca\\\/fr\\\/legales\\\/\"},{\"@type\":\"ListItem\",\"position\":3,\"name\":\"Signaler les fraudes \u00e0 l\u2019assurance\"}]},{\"@type\":\"WebSite\",\"@id\":\"https:\\\/\\\/www.federated.ca\\\/fr\\\/#website\",\"url\":\"https:\\\/\\\/www.federated.ca\\\/fr\\\/\",\"name\":\"Federated Insurance Company of Canada\",\"description\":\"La s\u00e9curit\u00e9 de votre entreprise en t\u00eate\",\"publisher\":{\"@id\":\"https:\\\/\\\/www.federated.ca\\\/fr\\\/#organization\"},\"potentialAction\":[{\"@type\":\"SearchAction\",\"target\":{\"@type\":\"EntryPoint\",\"urlTemplate\":\"https:\\\/\\\/www.federated.ca\\\/fr\\\/?s={search_term_string}\"},\"query-input\":{\"@type\":\"PropertyValueSpecification\",\"valueRequired\":true,\"valueName\":\"search_term_string\"}}],\"inLanguage\":\"fr-FR\"},{\"@type\":\"Organization\",\"@id\":\"https:\\\/\\\/www.federated.ca\\\/fr\\\/#organization\",\"name\":\"Les assurances Federated\",\"url\":\"https:\\\/\\\/www.federated.ca\\\/fr\\\/\",\"logo\":{\"@type\":\"ImageObject\",\"inLanguage\":\"fr-FR\",\"@id\":\"https:\\\/\\\/www.federated.ca\\\/fr\\\/#\\\/schema\\\/logo\\\/image\\\/\",\"url\":\"https:\\\/\\\/www.federated.ca\\\/wp-content\\\/uploads\\\/2015\\\/03\\\/FED_ENG_NOtag_shiftnav_210x52.png\",\"contentUrl\":\"https:\\\/\\\/www.federated.ca\\\/wp-content\\\/uploads\\\/2015\\\/03\\\/FED_ENG_NOtag_shiftnav_210x52.png\",\"width\":210,\"height\":52,\"caption\":\"Les assurances Federated\"},\"image\":{\"@id\":\"https:\\\/\\\/www.federated.ca\\\/fr\\\/#\\\/schema\\\/logo\\\/image\\\/\"},\"sameAs\":[\"https:\\\/\\\/www.facebook.com\\\/FedInsCanada\\\/\",\"https:\\\/\\\/www.instagram.com\\\/federatedinsuranceca\\\/\",\"https:\\\/\\\/www.linkedin.com\\\/authwall?trk=ripf&amp;amp;amp;trkInfo=AQExgtg9_9rmAQAAAVx-tQL4XBOielaWooxEaw4kQGfXIqAVlPw7IbVWBdg-4ezDWDNXO2cp0GXtaWrXpPlk3S8ZhjlEcvoxf5Jti8CypWckNTc3e85aDADZtFHeDNEVc5LgQ80=&amp;amp;amp;originalReferer=http:\\\/\\\/avada.federated.ca\\\/business-insurance\\\/automotive-dealers-insurance\\\/&amp;amp;amp;sessionRedirect=https:\\\/\\\/www.linkedin.com\\\/company\\\/federated-insurance\",\"https:\\\/\\\/www.youtube.com\\\/channel\\\/UC2TYZAr9C3puo4Tvg9Q151Q\"],\"description\":\"With Federated Insurance, you work directly with an industry expert who is committed to understanding the unique risks and opportunities associated with your business. With a dedicated agent and risk management team on your side, you will always get the right coverage for your company and can focus on what matters most. Trust. Advise. Protect.\",\"email\":\"info@federated.ca\",\"telephone\":\"1.844.628.6800\",\"legalName\":\"Federated Insurance\"}]}<\/script>\n<!-- \/ Yoast SEO Premium plugin. -->","yoast_head_json":{"title":"Signaler les fraudes \u00e0 l\u2019assurance - La Federated, Compagnie d\u2019assurance du Canada","robots":{"index":"index","follow":"follow","max-snippet":"max-snippet:-1","max-image-preview":"max-image-preview:large","max-video-preview":"max-video-preview:-1"},"canonical":"https:\/\/www.federated.ca\/fr\/legales\/signaler-fraudes-assurance\/","og_locale":"fr_FR","og_type":"article","og_title":"Signaler les fraudes \u00e0 l\u2019assurance","og_url":"https:\/\/www.federated.ca\/fr\/legales\/signaler-fraudes-assurance\/","og_site_name":"La Federated, Compagnie d\u2019assurance du Canada","article_publisher":"https:\/\/www.facebook.com\/FedInsCanada\/","article_modified_time":"2017-05-18T20:21:39+00:00","twitter_misc":{"Dur\u00e9e de lecture estim\u00e9e":"1 minute"},"schema":{"@context":"https:\/\/schema.org","@graph":[{"@type":"WebPage","@id":"https:\/\/www.federated.ca\/fr\/legales\/signaler-fraudes-assurance\/","url":"https:\/\/www.federated.ca\/fr\/legales\/signaler-fraudes-assurance\/","name":"Signaler les fraudes \u00e0 l\u2019assurance - La Federated, Compagnie d\u2019assurance du Canada","isPartOf":{"@id":"https:\/\/www.federated.ca\/fr\/#website"},"datePublished":"2016-12-29T20:33:34+00:00","dateModified":"2017-05-18T20:21:39+00:00","breadcrumb":{"@id":"https:\/\/www.federated.ca\/fr\/legales\/signaler-fraudes-assurance\/#breadcrumb"},"inLanguage":"fr-FR","potentialAction":[{"@type":"ReadAction","target":["https:\/\/www.federated.ca\/fr\/legales\/signaler-fraudes-assurance\/"]}]},{"@type":"BreadcrumbList","@id":"https:\/\/www.federated.ca\/fr\/legales\/signaler-fraudes-assurance\/#breadcrumb","itemListElement":[{"@type":"ListItem","position":1,"name":"Home","item":"https:\/\/www.federated.ca\/fr\/"},{"@type":"ListItem","position":2,"name":"Notes l\u00e9gales","item":"https:\/\/www.federated.ca\/fr\/legales\/"},{"@type":"ListItem","position":3,"name":"Signaler les fraudes \u00e0 l\u2019assurance"}]},{"@type":"WebSite","@id":"https:\/\/www.federated.ca\/fr\/#website","url":"https:\/\/www.federated.ca\/fr\/","name":"Federated Insurance Company of Canada","description":"La s\u00e9curit\u00e9 de votre entreprise en t\u00eate","publisher":{"@id":"https:\/\/www.federated.ca\/fr\/#organization"},"potentialAction":[{"@type":"SearchAction","target":{"@type":"EntryPoint","urlTemplate":"https:\/\/www.federated.ca\/fr\/?s={search_term_string}"},"query-input":{"@type":"PropertyValueSpecification","valueRequired":true,"valueName":"search_term_string"}}],"inLanguage":"fr-FR"},{"@type":"Organization","@id":"https:\/\/www.federated.ca\/fr\/#organization","name":"Les assurances Federated","url":"https:\/\/www.federated.ca\/fr\/","logo":{"@type":"ImageObject","inLanguage":"fr-FR","@id":"https:\/\/www.federated.ca\/fr\/#\/schema\/logo\/image\/","url":"https:\/\/www.federated.ca\/wp-content\/uploads\/2015\/03\/FED_ENG_NOtag_shiftnav_210x52.png","contentUrl":"https:\/\/www.federated.ca\/wp-content\/uploads\/2015\/03\/FED_ENG_NOtag_shiftnav_210x52.png","width":210,"height":52,"caption":"Les assurances Federated"},"image":{"@id":"https:\/\/www.federated.ca\/fr\/#\/schema\/logo\/image\/"},"sameAs":["https:\/\/www.facebook.com\/FedInsCanada\/","https:\/\/www.instagram.com\/federatedinsuranceca\/","https:\/\/www.linkedin.com\/authwall?trk=ripf&amp;amp;amp;trkInfo=AQExgtg9_9rmAQAAAVx-tQL4XBOielaWooxEaw4kQGfXIqAVlPw7IbVWBdg-4ezDWDNXO2cp0GXtaWrXpPlk3S8ZhjlEcvoxf5Jti8CypWckNTc3e85aDADZtFHeDNEVc5LgQ80=&amp;amp;amp;originalReferer=http:\/\/avada.federated.ca\/business-insurance\/automotive-dealers-insurance\/&amp;amp;amp;sessionRedirect=https:\/\/www.linkedin.com\/company\/federated-insurance","https:\/\/www.youtube.com\/channel\/UC2TYZAr9C3puo4Tvg9Q151Q"],"description":"With Federated Insurance, you work directly with an industry expert who is committed to understanding the unique risks and opportunities associated with your business. With a dedicated agent and risk management team on your side, you will always get the right coverage for your company and can focus on what matters most. Trust. Advise. Protect.","email":"info@federated.ca","telephone":"1.844.628.6800","legalName":"Federated Insurance"}]}},"_links":{"self":[{"href":"https:\/\/www.federated.ca\/fr\/wp-json\/wp\/v2\/pages\/20002","targetHints":{"allow":["GET"]}}],"collection":[{"href":"https:\/\/www.federated.ca\/fr\/wp-json\/wp\/v2\/pages"}],"about":[{"href":"https:\/\/www.federated.ca\/fr\/wp-json\/wp\/v2\/types\/page"}],"author":[{"embeddable":true,"href":"https:\/\/www.federated.ca\/fr\/wp-json\/wp\/v2\/users\/3"}],"replies":[{"embeddable":true,"href":"https:\/\/www.federated.ca\/fr\/wp-json\/wp\/v2\/comments?post=20002"}],"version-history":[{"count":0,"href":"https:\/\/www.federated.ca\/fr\/wp-json\/wp\/v2\/pages\/20002\/revisions"}],"up":[{"embeddable":true,"href":"https:\/\/www.federated.ca\/fr\/wp-json\/wp\/v2\/pages\/13722"}],"wp:attachment":[{"href":"https:\/\/www.federated.ca\/fr\/wp-json\/wp\/v2\/media?parent=20002"}],"curies":[{"name":"wp","href":"https:\/\/api.w.org\/{rel}","templated":true}]}}