{"id":20051,"date":"2017-04-11T11:55:10","date_gmt":"2017-04-11T15:55:10","guid":{"rendered":"https:\/\/www.federated.ca\/?page_id=20051\/"},"modified":"2025-09-15T16:48:32","modified_gmt":"2025-09-15T20:48:32","slug":"marques-de-commerce","status":"publish","type":"page","link":"https:\/\/www.federated.ca\/fr\/legales\/marques-de-commerce\/","title":{"rendered":"Marques de commerce"},"content":{"rendered":"<div class=\"fusion-fullwidth fullwidth-box fusion-builder-row-1 fusion-flex-container has-pattern-background has-mask-background nonhundred-percent-fullwidth non-hundred-percent-height-scrolling\" style=\"--awb-border-radius-top-left:0px;--awb-border-radius-top-right:0px;--awb-border-radius-bottom-right:0px;--awb-border-radius-bottom-left:0px;--awb-margin-top:40px;--awb-margin-top-medium:30px;--awb-margin-top-small:20px;--awb-flex-wrap:wrap;\" ><div class=\"fusion-builder-row fusion-row fusion-flex-align-items-flex-start fusion-flex-content-wrap\" style=\"max-width:1144px;margin-left: calc(-4% \/ 2 );margin-right: calc(-4% \/ 2 );\"><div class=\"fusion-layout-column fusion_builder_column fusion-builder-column-0 fusion_builder_column_1_1 1_1 fusion-flex-column\" style=\"--awb-bg-size:cover;--awb-width-large:100%;--awb-margin-top-large:0px;--awb-spacing-right-large:1.92%;--awb-margin-bottom-large:0px;--awb-spacing-left-large:1.92%;--awb-width-medium:100%;--awb-spacing-right-medium:1.92%;--awb-spacing-left-medium:1.92%;--awb-width-small:100%;--awb-spacing-right-small:1.92%;--awb-spacing-left-small:1.92%;\"><div class=\"fusion-column-wrapper fusion-flex-justify-content-flex-start fusion-content-layout-column\"><div class=\"fusion-title title fusion-title-1 fusion-sep-none fusion-title-text fusion-title-size-one\" style=\"--awb-margin-top-small:10px;--awb-margin-right-small:0px;--awb-margin-bottom-small:10px;--awb-margin-left-small:0px;\"><h1 class=\"fusion-title-heading title-heading-left fusion-responsive-typography-calculated\" style=\"margin:0;--fontSize:40;line-height:1.4;\">Marques de commerce<\/h1><\/div><div class=\"fusion-text fusion-text-1\"><p>Certains \u00e9l\u00e9ments de contenu (noms, mots, titres, phrases, logos, ic\u00f4nes, images, concepts, etc.) du pr\u00e9sent site Web sont des marques de commerce ou des appellations commerciales de la Corporation financi\u00e8re Northbridge ou de ses soci\u00e9t\u00e9s affili\u00e9es (\u00ab\u00a0<strong>Northbridge<\/strong>\u00a0\u00bb), d\u00e9pos\u00e9es ou non et utilis\u00e9es au Canada ou dans d\u2019autres pays, selon le cas, et constituent seulement une partie de la propri\u00e9t\u00e9 intellectuelle de Northbridge. Toutes les marques de commerce et les appellations commerciales sont utilis\u00e9es avec la permission de leur d\u00e9tenteur.<\/p>\n<p>Certains \u00e9l\u00e9ments de contenu (noms, mots, titres, phrases, logos, ic\u00f4nes, images, concepts, etc.) du pr\u00e9sent site Web peuvent \u00eatre des marques de commerce ou des appellations commerciales de tiers, d\u00e9pos\u00e9es ou non et utilis\u00e9es sous licence ou avec permission. Toutes les marques de commerce et les appellations commerciales sont et demeureront la propri\u00e9t\u00e9 exclusive de leur d\u00e9tenteur respectif.<\/p>\n<p>\u00c0 l\u2019exception des licences ou des permissions mentionn\u00e9es ci-dessus, l\u2019affichage de marques de commerce ou d\u2019appellations commerciales sur le pr\u00e9sent site Web ne signifie pas qu\u2019une licence a \u00e9t\u00e9 consentie \u00e0 une tierce partie, que ce soit de mani\u00e8re implicite ou par fin de non-recevoir ou par tout autre moyen. Les utilisateurs du pr\u00e9sent site Web ne peuvent utiliser ces marques ou ces appellations sans avoir obtenu le consentement expr\u00e8s de Northbridge ou du d\u00e9tenteur tiers, selon le cas. Il est strictement interdit d\u2019utiliser, de t\u00e9l\u00e9charger, de retransmettre, de copier ou de modifier, de quelque fa\u00e7on que ce soit, les marques de commerce, les appellations commerciales et les autres \u00e9l\u00e9ments de contenu du pr\u00e9sent site Web, sans autorisation pr\u00e9alable. Le non-respect de cette interdiction peut constituer une infraction, en vertu de lois f\u00e9d\u00e9rales, provinciales ou autres pouvant s\u2019appliquer aux marques de commerce ou aux droits d\u2019auteur, et peut donner lieu \u00e0 des actions en justice. Northbridge exercera les recours en justice appropri\u00e9s pour faire respecter ses droits, selon ce qu\u2019elle juge n\u00e9cessaire ou pr\u00e9f\u00e9rable, \u00e0 son enti\u00e8re discr\u00e9tion.<\/p>\n<p style=\"margin-bottom: 2em;\">Sans limiter la port\u00e9e g\u00e9n\u00e9rale de ce qui pr\u00e9c\u00e8de, les marques de commerce d\u00e9tenues par Northbridge comprennent celles\u2011ci :<\/p>\n<h2>Marques de commerce \u2013 mots<\/h2>\n<div id=\"trademarked-text\">\n<p>Aide en cas de traumatisme<\/p>\n<p>Association Advantage<\/p>\n<p>Builders&rsquo; Choice<\/p>\n<p>Business Choice<\/p>\n<p>Choix des Constructeurs<\/p>\n<p>Choix des Entreprises<\/p>\n<p>Choix des Fabricants<\/p>\n<p>Choix des particuliers<\/p>\n<p>Claims Elite Service<\/p>\n<p>Contractors&rsquo; Choice<\/p>\n<p>EZCert<\/p>\n<p>EZEndorse<\/p>\n<p>EZQuote<\/p>\n<p>FACTS<\/p>\n<p>Faits<\/p>\n<p>Farm Choice<\/p>\n<p>Homework<\/p>\n<p>Inner Circle<\/p>\n<p>Knowing your business matters<\/p>\n<p>La Bonne Voie<\/p>\n<p>La s\u00e9curit\u00e9 de votre entreprise en t\u00eate<\/p>\n<p>Le programme Avantage pour associations<\/p>\n<p>Manufacturers&rsquo; Choice<\/p>\n<p>Northbridge Assurance Go<\/p>\n<p>Northbridge Assurance<\/p>\n<p>Northbridge EZServices<\/p>\n<p>Northbridge Insurance Go<\/p>\n<p>Northbridge Insurance<\/p>\n<p>Northbridge LegalLink<\/p>\n<p>Northbridge<\/p>\n<p>Parlons pr\u00e9vention<\/p>\n<p>Personal Choice<\/p>\n<p>Plus fort a l&rsquo;unisson<\/p>\n<p>Previsio<\/p>\n<p>Privilege 50<\/p>\n<p>RecoveryWise<\/p>\n<p>Risk Insights<\/p>\n<p>Risk Management Assist<\/p>\n<p>RiskWise<\/p>\n<p>Service de r\u00e9clamation \u00c9lite<\/p>\n<p>Succession assur\u00e9e!<\/p>\n<p>Succession assur\u00e9e<\/p>\n<p>SuccessionWise<\/p>\n<p>The power of together<\/p>\n<p>The Right Road<\/p>\n<p>Trainer of Choice<\/p>\n<p>Trauma Assistance<\/p>\n<p>TruShield Assurance<\/p>\n<p>TruShield Insurance<\/p>\n<p>TruShield<\/p>\n<p>Trustworth<\/p>\n<p>Une vision cr\u00e9ative en assurance<\/p>\n<p>Urgence@ffaires<\/p>\n<p>Vertis Direct<\/p>\n<p>Votre avantage en mati\u00e8re d\u2019assurance habitation<\/p>\n<p>Wholesalers&rsquo; Choice<\/p>\n<p>Your Home Advantage<\/p>\n<p>Zenith<\/p>\n<\/div>\n<\/div><div class=\"fusion-title title fusion-title-2 fusion-sep-none fusion-title-text fusion-title-size-two\" style=\"--awb-margin-top:40px;--awb-margin-top-small:20px;--awb-margin-right-small:0px;--awb-margin-bottom-small:10px;--awb-margin-left-small:0px;--awb-margin-top-medium:30px;\"><h2 class=\"fusion-title-heading title-heading-left fusion-responsive-typography-calculated\" style=\"margin:0;--fontSize:30;line-height:1.4;\">Marques de commerce \u2013 graphiques<\/h2><\/div><div id=\"trademarked-images\">\n    <p class=\"n-swirl\" style=\"width:100px; background-image: url('\/wp-content\/uploads\/2018\/02\/N-icon.png')\"> <\/p>\n    <p class=\"nbins-plain\" style=\"width:240px; background-image: url('\/wp-content\/uploads\/2018\/02\/Northbridge-logo.png')\"> <\/p>\n    <p class=\"nb-fairfax-en\" style=\"width:211px; background-image: url('\/wp-content\/uploads\/2018\/02\/Northbridge-logo-FF-EN.png')\"> <\/p>\n    <p class=\"nb-fairfax-fr\" style=\"width:211px; background-image: url('\/wp-content\/uploads\/2018\/02\/Northbridge-logo-FF-FR.png')\"> <\/p>\n    <p class=\"nbins-e\" style=\"width:240px; background-image: url('\/wp-content\/uploads\/2018\/02\/NBI-EN.png')\"> <\/p>\n    <p class=\"nbins-stacked\" style=\"background-size: 80%;width: 166px; background-image: url('\/wp-content\/uploads\/nbi-EN.png')\"> <\/p>\n    <p class=\"nbins-f\" style=\"width: 240px; background-image: url('\/wp-content\/uploads\/2018\/02\/NBI-FR.png')\"> <\/p>\n    <p class=\"nbins-stacked\" style=\"background-size: 80%;width: 166px; background-image: url('\/wp-content\/uploads\/nbi-FR.png')\"> <\/p>\n    <p class=\"nbins-bi\" style=\"width: 240px; background-image: url('\/wp-content\/uploads\/2018\/02\/NBI-EN-FR.png')\"> <\/p>\n    <p class=\"nbins-goe\" style=\"width: 240px; background-image: url('\/wp-content\/uploads\/2018\/02\/NBI-Go-EN.png')\"> <\/p>\n    <p class=\"nbins-gof\" style=\"width: 240px; background-image: url('\/wp-content\/uploads\/2018\/02\/NBI-Go-FR.png')\"> <\/p>\n    <p class=\"nbins-cares\" style=\"width: 166px; background-image: url('\/wp-content\/uploads\/2018\/02\/NB-Cares-EN.png')\"> <\/p>\n    <p class=\"nbins-agit\" style=\"width: 136px; background-image: url('\/wp-content\/uploads\/2018\/02\/NB-Cares-FR.png')\"> <\/p>\n    <p class=\"tsi-e-old\" style=\"width: 240px; background-image: url('\/wp-content\/uploads\/2018\/02\/TS-logo-EN.png')\"> <\/p>\n    <p class=\"tsi-f-old\" style=\"width: 240px; background-image: url('\/wp-content\/uploads\/2018\/02\/TS-logo-FR.png')\"> <\/p>\n    <p class=\"tsi-icon-old\" style=\"width: 107px; background-image: url('\/wp-content\/uploads\/2018\/02\/TS-icon.png')\"> <\/p>\n    <p class=\"tsi-e\" style=\"width: 240px; background-image: url('\/wp-content\/uploads\/2018\/02\/TS-logo-EN-NEW.png')\"> <\/p>\n    <p class=\"tsi-f\" style=\"width: 240px; background-image: url('\/wp-content\/uploads\/2018\/02\/TS-logo-FR-NEW.png')\"> <\/p>\n    <p class=\"tsi-icon\" style=\"width: 93px; background-image: url('\/wp-content\/uploads\/2018\/02\/TS-icon-NEW.png')\"> <\/p>\n    <p class=\"succ-f\" style=\"width: 270px; background-image: url('\/wp-content\/uploads\/2018\/02\/successionassure.png')\"> <\/p>\n    <p class=\"succ-e\" style=\"width: 240px; background-image: url('\/wp-content\/uploads\/2018\/02\/successionwise.png')\"> <\/p>\n    <p class=\"p50\" style=\"width: 178px; background-image: url('\/wp-content\/uploads\/2018\/02\/Privilege50.png')\"> <\/p>\n    <p class=\"mclennan\" style=\"width: 110px; background-image: url('\/wp-content\/uploads\/2018\/02\/McLennan.png')\"> <\/p>\n    <p class=\"vertis stacked\" style=\"height: 100px; background-size: 50%; width: 173px; background-image: url('\/wp-content\/uploads\/Vertis-Logos-Working-18-EN-black-01.png')\"><\/p>\n    <p class=\"vertis horizontal\" style=\"background-size: 90%; width: 240px; background-image: url('\/wp-content\/uploads\/Vertis-Logos-Working-18-EN-black-02.png')\"><\/p>\n    <p class=\"vertis stacked\" style=\"height: 100px; background-size: 50%; width: 173px; background-image: url('\/wp-content\/uploads\/Vertis-Logos-Working-18-FR-black-01.png')\"><\/p>\n    <p class=\"vertis horizontal\" style=\"background-size: 90%; width: 240px; background-image: url('\/wp-content\/uploads\/Vertis-Logos-Working-18-FR-black-02.png')\"><\/p>\n    <p class=\"zenith\" style=\"background-size: 90%; width: 173px; background-image: url('\/wp-content\/uploads\/Zenith-Logo-Black-300-En.png')\"><\/p>\n    <p class=\"zenith\" style=\"background-size: 90%; width: 173px; background-image: url('\/wp-content\/uploads\/Zenith-Logo-Black-FR-Black.png')\"><\/p>\n    <p class=\"zenith\" style=\"width: 173px; background-image: url('\/wp-content\/uploads\/2018\/02\/Zenith.png')\"> <\/p>\n<\/div><\/div><\/div><\/div><\/div>\n","protected":false},"excerpt":{"rendered":"","protected":false},"author":3,"featured_media":0,"parent":13722,"menu_order":2,"comment_status":"open","ping_status":"open","template":"","meta":{"_acf_changed":false,"footnotes":""},"class_list":["post-20051","page","type-page","status-publish","hentry"],"acf":[],"yoast_head":"<!-- This site is optimized with the Yoast SEO Premium plugin v27.3 (Yoast SEO v27.3) - https:\/\/yoast.com\/product\/yoast-seo-premium-wordpress\/ -->\n<title>Marques de commerce - La Federated, Compagnie d\u2019assurance du Canada<\/title>\n<meta name=\"description\" content=\"Renseignements sur les marques de commerce de La Federated, Compagnie d\u2019assurance du Canada\" \/>\n<meta name=\"robots\" content=\"index, follow, max-snippet:-1, max-image-preview:large, max-video-preview:-1\" \/>\n<link rel=\"canonical\" href=\"https:\/\/www.federated.ca\/fr\/legales\/marques-de-commerce\/\" \/>\n<meta property=\"og:locale\" content=\"fr_FR\" \/>\n<meta property=\"og:type\" content=\"article\" \/>\n<meta property=\"og:title\" content=\"Marques de commerce\" \/>\n<meta property=\"og:url\" content=\"https:\/\/www.federated.ca\/fr\/legales\/marques-de-commerce\/\" \/>\n<meta property=\"og:site_name\" content=\"La Federated, Compagnie d\u2019assurance du Canada\" \/>\n<meta property=\"article:publisher\" content=\"https:\/\/www.facebook.com\/FedInsCanada\/\" \/>\n<meta property=\"article:modified_time\" content=\"2025-09-15T20:48:32+00:00\" \/>\n<meta name=\"twitter:label1\" content=\"Dur\u00e9e de lecture estim\u00e9e\" \/>\n\t<meta name=\"twitter:data1\" content=\"3 minutes\" \/>\n<script type=\"application\/ld+json\" class=\"yoast-schema-graph\">{\"@context\":\"https:\\\/\\\/schema.org\",\"@graph\":[{\"@type\":\"WebPage\",\"@id\":\"https:\\\/\\\/www.federated.ca\\\/fr\\\/legales\\\/marques-de-commerce\\\/\",\"url\":\"https:\\\/\\\/www.federated.ca\\\/fr\\\/legales\\\/marques-de-commerce\\\/\",\"name\":\"Marques de commerce - La Federated, Compagnie d\u2019assurance du Canada\",\"isPartOf\":{\"@id\":\"https:\\\/\\\/www.federated.ca\\\/fr\\\/#website\"},\"datePublished\":\"2017-04-11T15:55:10+00:00\",\"dateModified\":\"2025-09-15T20:48:32+00:00\",\"description\":\"Renseignements sur les marques de commerce de La Federated, Compagnie d\u2019assurance du Canada\",\"breadcrumb\":{\"@id\":\"https:\\\/\\\/www.federated.ca\\\/fr\\\/legales\\\/marques-de-commerce\\\/#breadcrumb\"},\"inLanguage\":\"fr-FR\",\"potentialAction\":[{\"@type\":\"ReadAction\",\"target\":[\"https:\\\/\\\/www.federated.ca\\\/fr\\\/legales\\\/marques-de-commerce\\\/\"]}]},{\"@type\":\"BreadcrumbList\",\"@id\":\"https:\\\/\\\/www.federated.ca\\\/fr\\\/legales\\\/marques-de-commerce\\\/#breadcrumb\",\"itemListElement\":[{\"@type\":\"ListItem\",\"position\":1,\"name\":\"Home\",\"item\":\"https:\\\/\\\/www.federated.ca\\\/fr\\\/\"},{\"@type\":\"ListItem\",\"position\":2,\"name\":\"Notes l\u00e9gales\",\"item\":\"https:\\\/\\\/www.federated.ca\\\/fr\\\/legales\\\/\"},{\"@type\":\"ListItem\",\"position\":3,\"name\":\"Marques de commerce\"}]},{\"@type\":\"WebSite\",\"@id\":\"https:\\\/\\\/www.federated.ca\\\/fr\\\/#website\",\"url\":\"https:\\\/\\\/www.federated.ca\\\/fr\\\/\",\"name\":\"Federated Insurance Company of Canada\",\"description\":\"La s\u00e9curit\u00e9 de votre entreprise en t\u00eate\",\"publisher\":{\"@id\":\"https:\\\/\\\/www.federated.ca\\\/fr\\\/#organization\"},\"potentialAction\":[{\"@type\":\"SearchAction\",\"target\":{\"@type\":\"EntryPoint\",\"urlTemplate\":\"https:\\\/\\\/www.federated.ca\\\/fr\\\/?s={search_term_string}\"},\"query-input\":{\"@type\":\"PropertyValueSpecification\",\"valueRequired\":true,\"valueName\":\"search_term_string\"}}],\"inLanguage\":\"fr-FR\"},{\"@type\":\"Organization\",\"@id\":\"https:\\\/\\\/www.federated.ca\\\/fr\\\/#organization\",\"name\":\"Les assurances Federated\",\"url\":\"https:\\\/\\\/www.federated.ca\\\/fr\\\/\",\"logo\":{\"@type\":\"ImageObject\",\"inLanguage\":\"fr-FR\",\"@id\":\"https:\\\/\\\/www.federated.ca\\\/fr\\\/#\\\/schema\\\/logo\\\/image\\\/\",\"url\":\"https:\\\/\\\/www.federated.ca\\\/wp-content\\\/uploads\\\/2015\\\/03\\\/FED_ENG_NOtag_shiftnav_210x52.png\",\"contentUrl\":\"https:\\\/\\\/www.federated.ca\\\/wp-content\\\/uploads\\\/2015\\\/03\\\/FED_ENG_NOtag_shiftnav_210x52.png\",\"width\":210,\"height\":52,\"caption\":\"Les assurances Federated\"},\"image\":{\"@id\":\"https:\\\/\\\/www.federated.ca\\\/fr\\\/#\\\/schema\\\/logo\\\/image\\\/\"},\"sameAs\":[\"https:\\\/\\\/www.facebook.com\\\/FedInsCanada\\\/\",\"https:\\\/\\\/www.instagram.com\\\/federatedinsuranceca\\\/\",\"https:\\\/\\\/www.linkedin.com\\\/authwall?trk=ripf&amp;amp;amp;trkInfo=AQExgtg9_9rmAQAAAVx-tQL4XBOielaWooxEaw4kQGfXIqAVlPw7IbVWBdg-4ezDWDNXO2cp0GXtaWrXpPlk3S8ZhjlEcvoxf5Jti8CypWckNTc3e85aDADZtFHeDNEVc5LgQ80=&amp;amp;amp;originalReferer=http:\\\/\\\/avada.federated.ca\\\/business-insurance\\\/automotive-dealers-insurance\\\/&amp;amp;amp;sessionRedirect=https:\\\/\\\/www.linkedin.com\\\/company\\\/federated-insurance\",\"https:\\\/\\\/www.youtube.com\\\/channel\\\/UC2TYZAr9C3puo4Tvg9Q151Q\"],\"description\":\"With Federated Insurance, you work directly with an industry expert who is committed to understanding the unique risks and opportunities associated with your business. With a dedicated agent and risk management team on your side, you will always get the right coverage for your company and can focus on what matters most. Trust. Advise. Protect.\",\"email\":\"info@federated.ca\",\"telephone\":\"1.844.628.6800\",\"legalName\":\"Federated Insurance\"}]}<\/script>\n<!-- \/ Yoast SEO Premium plugin. -->","yoast_head_json":{"title":"Marques de commerce - La Federated, Compagnie d\u2019assurance du Canada","description":"Renseignements sur les marques de commerce de La Federated, Compagnie d\u2019assurance du Canada","robots":{"index":"index","follow":"follow","max-snippet":"max-snippet:-1","max-image-preview":"max-image-preview:large","max-video-preview":"max-video-preview:-1"},"canonical":"https:\/\/www.federated.ca\/fr\/legales\/marques-de-commerce\/","og_locale":"fr_FR","og_type":"article","og_title":"Marques de commerce","og_url":"https:\/\/www.federated.ca\/fr\/legales\/marques-de-commerce\/","og_site_name":"La Federated, Compagnie d\u2019assurance du Canada","article_publisher":"https:\/\/www.facebook.com\/FedInsCanada\/","article_modified_time":"2025-09-15T20:48:32+00:00","twitter_misc":{"Dur\u00e9e de lecture estim\u00e9e":"3 minutes"},"schema":{"@context":"https:\/\/schema.org","@graph":[{"@type":"WebPage","@id":"https:\/\/www.federated.ca\/fr\/legales\/marques-de-commerce\/","url":"https:\/\/www.federated.ca\/fr\/legales\/marques-de-commerce\/","name":"Marques de commerce - La Federated, Compagnie d\u2019assurance du Canada","isPartOf":{"@id":"https:\/\/www.federated.ca\/fr\/#website"},"datePublished":"2017-04-11T15:55:10+00:00","dateModified":"2025-09-15T20:48:32+00:00","description":"Renseignements sur les marques de commerce de La Federated, Compagnie d\u2019assurance du Canada","breadcrumb":{"@id":"https:\/\/www.federated.ca\/fr\/legales\/marques-de-commerce\/#breadcrumb"},"inLanguage":"fr-FR","potentialAction":[{"@type":"ReadAction","target":["https:\/\/www.federated.ca\/fr\/legales\/marques-de-commerce\/"]}]},{"@type":"BreadcrumbList","@id":"https:\/\/www.federated.ca\/fr\/legales\/marques-de-commerce\/#breadcrumb","itemListElement":[{"@type":"ListItem","position":1,"name":"Home","item":"https:\/\/www.federated.ca\/fr\/"},{"@type":"ListItem","position":2,"name":"Notes l\u00e9gales","item":"https:\/\/www.federated.ca\/fr\/legales\/"},{"@type":"ListItem","position":3,"name":"Marques de commerce"}]},{"@type":"WebSite","@id":"https:\/\/www.federated.ca\/fr\/#website","url":"https:\/\/www.federated.ca\/fr\/","name":"Federated Insurance Company of Canada","description":"La s\u00e9curit\u00e9 de votre entreprise en t\u00eate","publisher":{"@id":"https:\/\/www.federated.ca\/fr\/#organization"},"potentialAction":[{"@type":"SearchAction","target":{"@type":"EntryPoint","urlTemplate":"https:\/\/www.federated.ca\/fr\/?s={search_term_string}"},"query-input":{"@type":"PropertyValueSpecification","valueRequired":true,"valueName":"search_term_string"}}],"inLanguage":"fr-FR"},{"@type":"Organization","@id":"https:\/\/www.federated.ca\/fr\/#organization","name":"Les assurances Federated","url":"https:\/\/www.federated.ca\/fr\/","logo":{"@type":"ImageObject","inLanguage":"fr-FR","@id":"https:\/\/www.federated.ca\/fr\/#\/schema\/logo\/image\/","url":"https:\/\/www.federated.ca\/wp-content\/uploads\/2015\/03\/FED_ENG_NOtag_shiftnav_210x52.png","contentUrl":"https:\/\/www.federated.ca\/wp-content\/uploads\/2015\/03\/FED_ENG_NOtag_shiftnav_210x52.png","width":210,"height":52,"caption":"Les assurances Federated"},"image":{"@id":"https:\/\/www.federated.ca\/fr\/#\/schema\/logo\/image\/"},"sameAs":["https:\/\/www.facebook.com\/FedInsCanada\/","https:\/\/www.instagram.com\/federatedinsuranceca\/","https:\/\/www.linkedin.com\/authwall?trk=ripf&amp;amp;amp;trkInfo=AQExgtg9_9rmAQAAAVx-tQL4XBOielaWooxEaw4kQGfXIqAVlPw7IbVWBdg-4ezDWDNXO2cp0GXtaWrXpPlk3S8ZhjlEcvoxf5Jti8CypWckNTc3e85aDADZtFHeDNEVc5LgQ80=&amp;amp;amp;originalReferer=http:\/\/avada.federated.ca\/business-insurance\/automotive-dealers-insurance\/&amp;amp;amp;sessionRedirect=https:\/\/www.linkedin.com\/company\/federated-insurance","https:\/\/www.youtube.com\/channel\/UC2TYZAr9C3puo4Tvg9Q151Q"],"description":"With Federated Insurance, you work directly with an industry expert who is committed to understanding the unique risks and opportunities associated with your business. With a dedicated agent and risk management team on your side, you will always get the right coverage for your company and can focus on what matters most. Trust. Advise. Protect.","email":"info@federated.ca","telephone":"1.844.628.6800","legalName":"Federated Insurance"}]}},"_links":{"self":[{"href":"https:\/\/www.federated.ca\/fr\/wp-json\/wp\/v2\/pages\/20051","targetHints":{"allow":["GET"]}}],"collection":[{"href":"https:\/\/www.federated.ca\/fr\/wp-json\/wp\/v2\/pages"}],"about":[{"href":"https:\/\/www.federated.ca\/fr\/wp-json\/wp\/v2\/types\/page"}],"author":[{"embeddable":true,"href":"https:\/\/www.federated.ca\/fr\/wp-json\/wp\/v2\/users\/3"}],"replies":[{"embeddable":true,"href":"https:\/\/www.federated.ca\/fr\/wp-json\/wp\/v2\/comments?post=20051"}],"version-history":[{"count":0,"href":"https:\/\/www.federated.ca\/fr\/wp-json\/wp\/v2\/pages\/20051\/revisions"}],"up":[{"embeddable":true,"href":"https:\/\/www.federated.ca\/fr\/wp-json\/wp\/v2\/pages\/13722"}],"wp:attachment":[{"href":"https:\/\/www.federated.ca\/fr\/wp-json\/wp\/v2\/media?parent=20051"}],"curies":[{"name":"wp","href":"https:\/\/api.w.org\/{rel}","templated":true}]}}