{"id":37652,"date":"2022-04-01T15:20:02","date_gmt":"2022-04-01T19:20:02","guid":{"rendered":"https:\/\/www.federated.ca\/construction\/"},"modified":"2022-04-01T15:21:53","modified_gmt":"2022-04-01T19:21:53","slug":"construction","status":"publish","type":"page","link":"https:\/\/www.federated.ca\/fr\/construction\/","title":{"rendered":"construction"},"content":{"rendered":"","protected":false},"excerpt":{"rendered":"","protected":false},"author":11,"featured_media":0,"parent":0,"menu_order":0,"comment_status":"closed","ping_status":"closed","template":"","meta":{"_acf_changed":false,"footnotes":""},"class_list":["post-37652","page","type-page","status-publish","hentry"],"acf":[],"yoast_head":"<!-- This site is optimized with the Yoast SEO Premium plugin v27.4 (Yoast SEO v27.4) - https:\/\/yoast.com\/product\/yoast-seo-premium-wordpress\/ -->\n<title>construction - La Federated, Compagnie d\u2019assurance du Canada<\/title>\n<meta name=\"robots\" content=\"index, follow, max-snippet:-1, max-image-preview:large, max-video-preview:-1\" \/>\n<link rel=\"canonical\" href=\"https:\/\/www.federated.ca\/fr\/construction\/\" \/>\n<meta property=\"og:locale\" content=\"fr_FR\" \/>\n<meta property=\"og:type\" content=\"article\" \/>\n<meta property=\"og:title\" content=\"construction\" \/>\n<meta property=\"og:url\" content=\"https:\/\/www.federated.ca\/fr\/construction\/\" \/>\n<meta property=\"og:site_name\" content=\"La Federated, Compagnie d\u2019assurance du Canada\" \/>\n<meta property=\"article:publisher\" content=\"https:\/\/www.facebook.com\/FedInsCanada\/\" \/>\n<meta property=\"article:modified_time\" content=\"2022-04-01T19:21:53+00:00\" \/>\n<script type=\"application\/ld+json\" class=\"yoast-schema-graph\">{\"@context\":\"https:\\\/\\\/schema.org\",\"@graph\":[{\"@type\":\"WebPage\",\"@id\":\"https:\\\/\\\/www.federated.ca\\\/fr\\\/construction\\\/\",\"url\":\"https:\\\/\\\/www.federated.ca\\\/fr\\\/construction\\\/\",\"name\":\"construction - La Federated, Compagnie d\u2019assurance du Canada\",\"isPartOf\":{\"@id\":\"https:\\\/\\\/www.federated.ca\\\/fr\\\/#website\"},\"datePublished\":\"2022-04-01T19:20:02+00:00\",\"dateModified\":\"2022-04-01T19:21:53+00:00\",\"breadcrumb\":{\"@id\":\"https:\\\/\\\/www.federated.ca\\\/fr\\\/construction\\\/#breadcrumb\"},\"inLanguage\":\"fr-FR\",\"potentialAction\":[{\"@type\":\"ReadAction\",\"target\":[\"https:\\\/\\\/www.federated.ca\\\/fr\\\/construction\\\/\"]}]},{\"@type\":\"BreadcrumbList\",\"@id\":\"https:\\\/\\\/www.federated.ca\\\/fr\\\/construction\\\/#breadcrumb\",\"itemListElement\":[{\"@type\":\"ListItem\",\"position\":1,\"name\":\"Home\",\"item\":\"https:\\\/\\\/www.federated.ca\\\/fr\\\/\"},{\"@type\":\"ListItem\",\"position\":2,\"name\":\"construction\"}]},{\"@type\":\"WebSite\",\"@id\":\"https:\\\/\\\/www.federated.ca\\\/fr\\\/#website\",\"url\":\"https:\\\/\\\/www.federated.ca\\\/fr\\\/\",\"name\":\"Federated Insurance Company of Canada\",\"description\":\"La s\u00e9curit\u00e9 de votre entreprise en t\u00eate\",\"publisher\":{\"@id\":\"https:\\\/\\\/www.federated.ca\\\/fr\\\/#organization\"},\"potentialAction\":[{\"@type\":\"SearchAction\",\"target\":{\"@type\":\"EntryPoint\",\"urlTemplate\":\"https:\\\/\\\/www.federated.ca\\\/fr\\\/?s={search_term_string}\"},\"query-input\":{\"@type\":\"PropertyValueSpecification\",\"valueRequired\":true,\"valueName\":\"search_term_string\"}}],\"inLanguage\":\"fr-FR\"},{\"@type\":\"Organization\",\"@id\":\"https:\\\/\\\/www.federated.ca\\\/fr\\\/#organization\",\"name\":\"Les assurances Federated\",\"url\":\"https:\\\/\\\/www.federated.ca\\\/fr\\\/\",\"logo\":{\"@type\":\"ImageObject\",\"inLanguage\":\"fr-FR\",\"@id\":\"https:\\\/\\\/www.federated.ca\\\/fr\\\/#\\\/schema\\\/logo\\\/image\\\/\",\"url\":\"https:\\\/\\\/www.federated.ca\\\/wp-content\\\/uploads\\\/2015\\\/03\\\/FED_ENG_NOtag_shiftnav_210x52.png\",\"contentUrl\":\"https:\\\/\\\/www.federated.ca\\\/wp-content\\\/uploads\\\/2015\\\/03\\\/FED_ENG_NOtag_shiftnav_210x52.png\",\"width\":210,\"height\":52,\"caption\":\"Les assurances Federated\"},\"image\":{\"@id\":\"https:\\\/\\\/www.federated.ca\\\/fr\\\/#\\\/schema\\\/logo\\\/image\\\/\"},\"sameAs\":[\"https:\\\/\\\/www.facebook.com\\\/FedInsCanada\\\/\",\"https:\\\/\\\/www.instagram.com\\\/federatedinsuranceca\\\/\",\"https:\\\/\\\/www.linkedin.com\\\/authwall?trk=ripf&amp;amp;amp;trkInfo=AQExgtg9_9rmAQAAAVx-tQL4XBOielaWooxEaw4kQGfXIqAVlPw7IbVWBdg-4ezDWDNXO2cp0GXtaWrXpPlk3S8ZhjlEcvoxf5Jti8CypWckNTc3e85aDADZtFHeDNEVc5LgQ80=&amp;amp;amp;originalReferer=http:\\\/\\\/avada.federated.ca\\\/business-insurance\\\/automotive-dealers-insurance\\\/&amp;amp;amp;sessionRedirect=https:\\\/\\\/www.linkedin.com\\\/company\\\/federated-insurance\",\"https:\\\/\\\/www.youtube.com\\\/channel\\\/UC2TYZAr9C3puo4Tvg9Q151Q\"],\"description\":\"With Federated Insurance, you work directly with an industry expert who is committed to understanding the unique risks and opportunities associated with your business. With a dedicated agent and risk management team on your side, you will always get the right coverage for your company and can focus on what matters most. Trust. Advise. Protect.\",\"email\":\"info@federated.ca\",\"telephone\":\"1.844.628.6800\",\"legalName\":\"Federated Insurance\"}]}<\/script>\n<!-- \/ Yoast SEO Premium plugin. -->","yoast_head_json":{"title":"construction - La Federated, Compagnie d\u2019assurance du Canada","robots":{"index":"index","follow":"follow","max-snippet":"max-snippet:-1","max-image-preview":"max-image-preview:large","max-video-preview":"max-video-preview:-1"},"canonical":"https:\/\/www.federated.ca\/fr\/construction\/","og_locale":"fr_FR","og_type":"article","og_title":"construction","og_url":"https:\/\/www.federated.ca\/fr\/construction\/","og_site_name":"La Federated, Compagnie d\u2019assurance du Canada","article_publisher":"https:\/\/www.facebook.com\/FedInsCanada\/","article_modified_time":"2022-04-01T19:21:53+00:00","schema":{"@context":"https:\/\/schema.org","@graph":[{"@type":"WebPage","@id":"https:\/\/www.federated.ca\/fr\/construction\/","url":"https:\/\/www.federated.ca\/fr\/construction\/","name":"construction - La Federated, Compagnie d\u2019assurance du Canada","isPartOf":{"@id":"https:\/\/www.federated.ca\/fr\/#website"},"datePublished":"2022-04-01T19:20:02+00:00","dateModified":"2022-04-01T19:21:53+00:00","breadcrumb":{"@id":"https:\/\/www.federated.ca\/fr\/construction\/#breadcrumb"},"inLanguage":"fr-FR","potentialAction":[{"@type":"ReadAction","target":["https:\/\/www.federated.ca\/fr\/construction\/"]}]},{"@type":"BreadcrumbList","@id":"https:\/\/www.federated.ca\/fr\/construction\/#breadcrumb","itemListElement":[{"@type":"ListItem","position":1,"name":"Home","item":"https:\/\/www.federated.ca\/fr\/"},{"@type":"ListItem","position":2,"name":"construction"}]},{"@type":"WebSite","@id":"https:\/\/www.federated.ca\/fr\/#website","url":"https:\/\/www.federated.ca\/fr\/","name":"Federated Insurance Company of Canada","description":"La s\u00e9curit\u00e9 de votre entreprise en t\u00eate","publisher":{"@id":"https:\/\/www.federated.ca\/fr\/#organization"},"potentialAction":[{"@type":"SearchAction","target":{"@type":"EntryPoint","urlTemplate":"https:\/\/www.federated.ca\/fr\/?s={search_term_string}"},"query-input":{"@type":"PropertyValueSpecification","valueRequired":true,"valueName":"search_term_string"}}],"inLanguage":"fr-FR"},{"@type":"Organization","@id":"https:\/\/www.federated.ca\/fr\/#organization","name":"Les assurances Federated","url":"https:\/\/www.federated.ca\/fr\/","logo":{"@type":"ImageObject","inLanguage":"fr-FR","@id":"https:\/\/www.federated.ca\/fr\/#\/schema\/logo\/image\/","url":"https:\/\/www.federated.ca\/wp-content\/uploads\/2015\/03\/FED_ENG_NOtag_shiftnav_210x52.png","contentUrl":"https:\/\/www.federated.ca\/wp-content\/uploads\/2015\/03\/FED_ENG_NOtag_shiftnav_210x52.png","width":210,"height":52,"caption":"Les assurances Federated"},"image":{"@id":"https:\/\/www.federated.ca\/fr\/#\/schema\/logo\/image\/"},"sameAs":["https:\/\/www.facebook.com\/FedInsCanada\/","https:\/\/www.instagram.com\/federatedinsuranceca\/","https:\/\/www.linkedin.com\/authwall?trk=ripf&amp;amp;amp;trkInfo=AQExgtg9_9rmAQAAAVx-tQL4XBOielaWooxEaw4kQGfXIqAVlPw7IbVWBdg-4ezDWDNXO2cp0GXtaWrXpPlk3S8ZhjlEcvoxf5Jti8CypWckNTc3e85aDADZtFHeDNEVc5LgQ80=&amp;amp;amp;originalReferer=http:\/\/avada.federated.ca\/business-insurance\/automotive-dealers-insurance\/&amp;amp;amp;sessionRedirect=https:\/\/www.linkedin.com\/company\/federated-insurance","https:\/\/www.youtube.com\/channel\/UC2TYZAr9C3puo4Tvg9Q151Q"],"description":"With Federated Insurance, you work directly with an industry expert who is committed to understanding the unique risks and opportunities associated with your business. With a dedicated agent and risk management team on your side, you will always get the right coverage for your company and can focus on what matters most. Trust. Advise. Protect.","email":"info@federated.ca","telephone":"1.844.628.6800","legalName":"Federated Insurance"}]}},"_links":{"self":[{"href":"https:\/\/www.federated.ca\/fr\/wp-json\/wp\/v2\/pages\/37652","targetHints":{"allow":["GET"]}}],"collection":[{"href":"https:\/\/www.federated.ca\/fr\/wp-json\/wp\/v2\/pages"}],"about":[{"href":"https:\/\/www.federated.ca\/fr\/wp-json\/wp\/v2\/types\/page"}],"author":[{"embeddable":true,"href":"https:\/\/www.federated.ca\/fr\/wp-json\/wp\/v2\/users\/11"}],"replies":[{"embeddable":true,"href":"https:\/\/www.federated.ca\/fr\/wp-json\/wp\/v2\/comments?post=37652"}],"version-history":[{"count":0,"href":"https:\/\/www.federated.ca\/fr\/wp-json\/wp\/v2\/pages\/37652\/revisions"}],"wp:attachment":[{"href":"https:\/\/www.federated.ca\/fr\/wp-json\/wp\/v2\/media?parent=37652"}],"curies":[{"name":"wp","href":"https:\/\/api.w.org\/{rel}","templated":true}]}}